{"id":2301,"date":"2019-06-25T12:57:08","date_gmt":"2019-06-25T12:57:08","guid":{"rendered":"https:\/\/salastar.affarit.com\/utilizare-cookie\/"},"modified":"2019-10-18T12:00:15","modified_gmt":"2019-10-18T12:00:15","slug":"use-of-cookies","status":"publish","type":"page","link":"https:\/\/salastar.ro\/en\/use-of-cookies\/","title":{"rendered":"Use of cookies"},"content":{"rendered":"<p>La www.salastar.ro ne angaj\u0103m s\u0103 protej\u0103m confiden\u021bialitatea \u0219i securitatea clien\u021bilor no\u0219tri \u0219i vizitatorilor site-ului, inclusiv \u021bie. Membrii echipei www.salastar.ro sunt chiar ei clien\u021bi, at\u00e2t ai www.salastar.ro c\u00e2t \u0219i ai altor magazine online. Prin urmare, apreciem \u0219i respect\u0103m important\u0103 confiden\u021bialit\u0103\u021bii \u0219i securit\u0103\u021bii datelor de pe internet.<\/p>\n<p>www.salastar.ro stocheaz\u0103 \u0219i prelucreaz\u0103 datele cu caracter personal, \u00een conformitate cu Legea privind protec\u021bia datelor cu caracter personal Nr. 677\/2001, cu modific\u0103rile \u0219i complet\u0103rile ulterioare.<\/p>\n<p><strong>Ce este politic\u0103 de utilizare Cookie-uri?\u00a0 <\/strong><\/p>\n<p>Aceast\u0103 politic\u0103 se refer\u0103 la cookie-urile \u0219i paginile web operate de www.salastar.ro.<\/p>\n<p>&nbsp;<\/p>\n<p><strong>\u00a0Ce sunt Cookie-urile?\u00a0 <\/strong><\/p>\n<p>Cookie-urile sunt fi\u0219ierede mici dimensiuni, formate din litere \u0219i numere, care vor fi stocate pe computerul, terminalul mobil sau alte echipamente ale unui utilizator de pe care se acceseaz\u0103 internetul. Cookie-urile sunt instalate prin solicitarea emis\u0103 de c\u0103tre un web-server unui browser (ex: Internet Explorer, Chrome) \u0219i sunt complet &#8220;pasive&#8221; (nu con\u021bin programe software, viru\u0219i sau spyware \u0219i nu pot acces\u0103 informa\u021biile de pe hard driverul utilizatorului).<\/p>\n<p>&nbsp;<\/p>\n<p><strong>\u00a0La ce sunt folosite Cookie-urile?\u00a0 <\/strong><\/p>\n<p>Cookie-urile pot asigur\u0103 o interac\u021biune mai rapid\u0103 \u0219i mai u\u0219oar\u0103 \u00eentre utilizatori \u0219i site-urile web. Spre exemplu, \u00een momentul autentific\u0103rii unui utilizator pe un anumit site web, datele de autentificare sunt stocate \u00eentr-un cookie; ulterior, utilizatorul poate acces\u0103 respectivul site f\u0103r\u0103 s\u0103 fie nevoie s\u0103 se autentifice din nou.<\/p>\n<p>\u00cen\u00a0 alte cazuri, cookie-urile pot fi utilizate pentru stocarea de informa\u021bii referitoare la activit\u0103\u021bile desf\u0103\u0219urate de utilizator pe o anumit\u0103 pagin\u0103 web, astfel \u00eenc\u00e2t acesta s\u0103 \u00ee\u0219i poat\u0103 relu\u0103 u\u0219or respectivele activit\u0103\u021bi la o accesare ulterioar\u0103 a site-ului. Cookie-urile spun serverului ce pagini trebuie s\u0103 arate utilizatorului, astfel \u00eenc\u00e2t acesta s\u0103 nu fie nevoit s\u0103 \u00ee\u0219i aminteasc\u0103 acest lucru sau s\u0103 navigheze \u00eentregul site de la \u00eenceput. Astfel, cookie-urile pot fi asimilate unor \u201esemne de carte&#8221; care \u00eei spun utilizatorului exact unde a r\u0103mas \u00een cadrul unui site web.<\/p>\n<p>\u00cen mod similar, cookie-urile pot stoca informa\u021bii referitoare la produsele comandate de c\u0103tre utilizator pe un site de comer\u021b electronic, f\u0103c\u00e2nd astfel posibil conceptul de \u201ecos de cump\u0103r\u0103turi&#8221;.<\/p>\n<p><strong>\u00a0\u00a0\u00a0 <\/strong><\/p>\n<p><strong>\u00a0Ce Cookie-uri folosim?\u00a0 <\/strong><\/p>\n<p>Folosim dou\u0103 tipuri de Cookie-uri: per sesiune \u0219i fixe. Cookie-urile fixe sunt fi\u0219iere temporare ce r\u0103m\u00e2n \u00een terminalul utilizatorului p\u00e2n\u0103 la terminarea sesiunii sau \u00eenchiderea aplica\u021biei (browser-ului web). Fi\u0219ierele fixe r\u0103m\u00e2n pe terminalul utilizatorului pe o perioad\u0103 \u00een parametrii Cookie-ului sau p\u00e2n\u0103 sunt \u0219terse manual de utilizator.<\/p>\n<p>&nbsp;<\/p>\n<ul>\n<li>\u00a0<u>Fi\u0219iere de tip cookie absolut necesare<\/u> v\u0103 permit s\u0103 naviga\u021bi pe Website \u0219i s\u0103 \u00eei utiliza\u021bi func\u021biile de baz\u0103. De obicei, acestea sunt instalate doar c\u0103 r\u0103spuns la ac\u021biunile efectuate de dvs. care echivaleaz\u0103 cu o cerere de servicii. Aceste fi\u0219iere de tip cookie sunt indispensabile pentru utilizarea Website-urilor.<\/li>\n<li>\u00a0<u>Fi\u0219iere de tip cookie privind func\u021bionalitatea<\/u> sunt utilizate pentru a v\u0103 recunoa\u0219te atunci c\u00e2nd reveni\u021bi pe Website-ul nostru \u0219i ne permit s\u0103 v\u0103 oferim func\u021bii imbun\u0103t\u0103tite \u0219i mai personalizate, cum ar fi reamintirea preferin\u021belor dvs.\u00a0 Aceste fi\u0219iere de tip cookie colecteaz\u0103 informa\u021bii anonime \u0219i nu pot urm\u0103ri navig\u0103rile dvs. pe alte site-uri web.<\/li>\n<li>\u00a0<u>Fi\u0219iere de tip cookie analitice \u0219i privin<\/u><u>d performan\u021ba<\/u>\u00a0ne permit s\u0103 recunoa\u0219tem \u0219i s\u0103 num\u0103r\u0103m utilizatorii \u0219i s\u0103 colect\u0103m informa\u021bii despre modul \u00een care este utilizat Website-ul (de exemplu, paginile pe care un utilizator le deschide cel mai des). Aceasta ne ajut\u0103 s\u0103 \u00eembun\u0103t\u0103\u021bim modul \u00een care func\u021bioneaz\u0103 Website-ul nostru, de exemplu, asigur\u00e2nd c\u0103 pute\u021bi g\u0103si u\u0219or ceea ce c\u0103uta\u021bi. Perioada de expirare a acestor fi\u0219iere de tip cookie este de maximum 1 ani.\u00a0\u00cen ceea ce prive\u015fte third-party cookies, perioada de expirare poate s\u0103 varieze \u015fi \u00een unele cazuri poate dep\u0103\u015fi 2 ani.<\/li>\n<\/ul>\n<ul>\n<li>Website-ul www.salastar.ro utilizeaz\u0103 Google Analytics, un serviciu pentru analiza web, furnizat de Google. Google Analytics utilizeaz\u0103 fi\u0219iere de tip cookie pentru a ajuta un anumit Website s\u0103 analizeze modul \u00een care utiliza\u021bi respectivul Website. Informa\u021biile generate de fi\u0219ierele de tip cookie cu privire la utilizarea de c\u0103tre dvs. a Website-ului (inclusiv adresa dvs. IP)\u00a0 vor fi transmise \u0219i stocate de Google pe servere care pot fi localizate \u00een UE, SEE \u015fi\/sau Statele Unite. Google va utiliza aceste informa\u021bii \u00een scopul evalu\u0103rii utiliz\u0103rii de c\u0103tre dvs. a Website-ului, elabor\u00e2nd rapoarte cu privire la activitatea Website-ului pentru operatorii Website-ului \u0219i furniz\u00e2nd alte servicii referitoare la activitatea Website-ului \u0219i la utilizarea internetului.<\/li>\n<\/ul>\n<ul>\n<li><u>Fi\u0219iere de tip cookie privind marketing \u0219i identificarea publicului \u021bint\u0103<\/u>\u00a0\u00eenregistreaz\u0103 vizita dvs. pe Website-ul nostru, paginile pe care le-a\u021bi vizitat \u0219i link-urile pe care le-a\u021bi accesat. Vom utiliza aceste informa\u021bii pentru a oferi reclame mai relevante pentru dvs. \u0219i interesele dvs. De asemenea, acestea sunt utilizate pentru a limita frecven\u021ba cu care pute\u021bi vedea o reclam\u0103 \u0219i pentru a ajuta la m\u0103surarea eficien\u021bei campaniilor publicitare. De asemenea, putem \u00eemp\u0103rt\u0103\u0219i aceste informa\u021bii cu ter\u021be-p\u0103r\u021bi (cum ar fi agen\u021bii de publicitate) \u00een acest scop. Perioada de expirare a acestor fi\u0219iere de tip cookie este de maximum 2 ani.\u00a0\u00cen ceea ce prive\u015fte third-party cookies, perioada de expirare poate s\u0103 varieze \u015fi \u00een unele cazuri poate dep\u0103\u015fi 2 ani.<\/li>\n<li><u>Fi\u0219iere de tip cookie privind re\u021belele sociale<\/u>\u00a0v\u0103 permit s\u0103 \u00eemp\u0103rt\u0103\u0219i\u021bi pe site-ul web activitatea dvs. pe re\u021bele sociale, cum ar fi Facebook.<\/li>\n<\/ul>\n<p><strong>Con\u021bin Cookie-urile date personale?<\/strong><br \/>\nCookie-urile \u00een \u0219ine nu solicita informa\u021bii cu caracter personal pentru a putea fi utilizate \u0219i, \u00een cele mai multe cazuri, nu identific\u0103 personal utilizatorii de internet. Datele personale colectate prin utilizarea Cookie-urilor pot fi colectate doar pentrua facilita anumite func\u021bionalit\u0103\u021bi pentru utilizator. Aceste date sunt criptate \u00eentr-un mod care face imposibil accesul persoanelor neautorizate la ele.<\/p>\n<p><strong>\u0218tergerea Cookie-urilor<\/strong><br \/>\nLimitarea folosirii Cookie-urilor sau \u0219tergerea lor poate afecta anumite func\u021bionalit\u0103\u021bi ale paginii web. Dac\u0103 totu\u0219i dore\u0219ti s\u0103 le \u0219tergi, sec\u021biunea &#8220;Help&#8221; din browser-ul pe care \u00eel folose\u0219ti, ar trebui s\u0103 ofere instruc\u021biuni cu privire la modul de a localiza fi\u0219ierul sau directorul care stocheaz\u0103 cookie-uri.<\/p>\n<p>V\u0103 pute\u021bi retrage consimt\u0103mantul privind fi\u0219ierele de tip cookie \u00een orice moment.<\/p>\n<p>\u00cen cazul \u00een care dori\u021bi s\u0103 elimina\u021bi fi\u0219ierele de tip cookie stocate pe dispozitivele dvs. \u0219i s\u0103 configura\u021bi browserul dvs. web astfel \u00eenc\u00e2t s\u0103 refuze fi\u0219iere de tip cookie, pute\u021bi s\u0103 utiliza\u021bi set\u0103rile privind preferin\u021bele din browser-ul dvs. web. De\u00a0 obicei, pute\u021bi g\u0103si set\u0103rile de navigare referitoare la fi\u0219iere de tip cookie \u00een meniurile \u201eOptiuni\u201d, \u201eInstrumente\u201d sau \u201ePreferinte\u201d din browserul web pe\u00a0 care \u00eel utiliza\u021bi pentru a acces\u0103 Website-urile noastre. \u00cen func\u021bie de browserele web existen\u021be, pot fi utilizate mijloace diverse pentru a dezactiva fi\u0219ierele de tip cookie. Pentru a ob\u021bine mai multe informa\u021bii, v\u0103 rug\u0103m s\u0103 vizita\u021bi website-ul browserelor dvs.:<\/p>\n<p>&nbsp;<\/p>\n<ul>\n<li>Set\u0103ri cookie \u00een Internet Explorer \u2013\u00a0<a href=\"https:\/\/support.microsoft.com\/en-us\/help\/17442\/windows-internet-explorer-delete-manage-cookies#ie=ie-11\">Internet Explorer<\/a>;<\/li>\n<li>Set\u0103ri cookie \u00een Firefox \u2013\u00a0<a href=\"https:\/\/support.mozilla.org\/en-US\/kb\/enable-and-disable-cookies-website-preferences\">Firefox<\/a>;<\/li>\n<li>Set\u0103ri cookie \u00een Chrome \u2013\u00a0<a href=\"https:\/\/support.google.com\/chrome\/answer\/95647?hl=en&amp;hlrm=en\">Chrome<\/a>;<\/li>\n<li>Set\u0103ri cookie \u00een Safari \u2013\u00a0<a href=\"https:\/\/support.apple.com\/guide\/safari\/manage-cookies-and-website-data-sfri11471\/mac\">Safari<\/a>;<\/li>\n<li>Set\u0103ri cookie \u00een Edge \u2013\u00a0<a href=\"https:\/\/privacy.microsoft.com\/en-us\/windows-10-microsoft-edge-and-privacy\">Edge<\/a>;<\/li>\n<li>Set\u0103ri cookie \u00een Opera \u2013\u00a0<a href=\"https:\/\/www.opera.com\/help\/tutorials\/security\/privacy\/\">Opera<\/a>.<\/li>\n<\/ul>\n<p>Te rug\u0103m s\u0103 re\u021bii c\u0103 prin \u0219tergerea sau dezactivarea cookie-urile viitoare, experien\u021b\u0103 ta de utilizator poate fi afectat\u0103 \u0219i s-ar putea s\u0103 nu fii \u00een m\u0103sur\u0103 s\u0103 profi\u021bi de anumite func\u021bii ale site-ului nostru.<\/p>\n<p>Mai multe detalii despre cookies po\u021bi afla de aici: http:\/\/www.allaboutcookies.org\/.<\/p>\n","protected":false},"excerpt":{"rendered":"<p>La www.salastar.ro ne angaj\u0103m s\u0103 protej\u0103m confiden\u021bialitatea \u0219i securitatea clien\u021bilor no\u0219tri \u0219i vizitatorilor site-ului, inclusiv \u021bie. Membrii echipei www.salastar.ro sunt chiar ei clien\u021bi, at\u00e2t ai www.salastar.ro c\u00e2t \u0219i ai altor magazine online. Prin urmare, apreciem \u0219i respect\u0103m important\u0103 confiden\u021bialit\u0103\u021bii \u0219i securit\u0103\u021bii datelor de pe internet. www.salastar.ro stocheaz\u0103 \u0219i prelucreaz\u0103 datele cu caracter personal, \u00een conformitate [&hellip;]<\/p>\n","protected":false},"author":1,"featured_media":0,"parent":0,"menu_order":0,"comment_status":"closed","ping_status":"open","template":"","meta":{"om_disable_all_campaigns":false,"_monsterinsights_skip_tracking":false,"_monsterinsights_sitenote_active":false,"_monsterinsights_sitenote_note":"","_monsterinsights_sitenote_category":0,"footnotes":""},"yoast_head":"<!-- This site is optimized with the Yoast SEO plugin v21.4 - https:\/\/yoast.com\/wordpress\/plugins\/seo\/ -->\n<title>Use of cookies | Ambalaje flexibile: Pungi, Folii | Materiale din lemn masiv: Du\u0219umea, Lambriu, \u0218ipc\u0103<\/title>\n<meta name=\"robots\" content=\"index, follow, max-snippet:-1, max-image-preview:large, max-video-preview:-1\" \/>\n<link rel=\"canonical\" href=\"https:\/\/salastar.ro\/en\/use-of-cookies\/\" \/>\n<meta property=\"og:locale\" content=\"en_US\" \/>\n<meta property=\"og:type\" content=\"article\" \/>\n<meta property=\"og:title\" content=\"Use of cookies | Ambalaje flexibile: Pungi, Folii | Materiale din lemn masiv: Du\u0219umea, Lambriu, \u0218ipc\u0103\" \/>\n<meta property=\"og:description\" content=\"La www.salastar.ro ne angaj\u0103m s\u0103 protej\u0103m confiden\u021bialitatea \u0219i securitatea clien\u021bilor no\u0219tri \u0219i vizitatorilor site-ului, inclusiv \u021bie. Membrii echipei www.salastar.ro sunt chiar ei clien\u021bi, at\u00e2t ai www.salastar.ro c\u00e2t \u0219i ai altor magazine online. Prin urmare, apreciem \u0219i respect\u0103m important\u0103 confiden\u021bialit\u0103\u021bii \u0219i securit\u0103\u021bii datelor de pe internet. www.salastar.ro stocheaz\u0103 \u0219i prelucreaz\u0103 datele cu caracter personal, \u00een conformitate [&hellip;]\" \/>\n<meta property=\"og:url\" content=\"https:\/\/salastar.ro\/en\/use-of-cookies\/\" \/>\n<meta property=\"og:site_name\" content=\"Ambalaje flexibile: Pungi, Folii | Materiale din lemn masiv: Du\u0219umea, Lambriu, \u0218ipc\u0103\" \/>\n<meta property=\"article:modified_time\" content=\"2019-10-18T12:00:15+00:00\" \/>\n<meta name=\"twitter:card\" content=\"summary_large_image\" \/>\n<meta name=\"twitter:label1\" content=\"Est. reading time\" \/>\n\t<meta name=\"twitter:data1\" content=\"7 minutes\" \/>\n<!-- \/ Yoast SEO plugin. -->","yoast_head_json":{"title":"Use of cookies | Ambalaje flexibile: Pungi, Folii | Materiale din lemn masiv: Du\u0219umea, Lambriu, \u0218ipc\u0103","robots":{"index":"index","follow":"follow","max-snippet":"max-snippet:-1","max-image-preview":"max-image-preview:large","max-video-preview":"max-video-preview:-1"},"canonical":"https:\/\/salastar.ro\/en\/use-of-cookies\/","og_locale":"en_US","og_type":"article","og_title":"Use of cookies | Ambalaje flexibile: Pungi, Folii | Materiale din lemn masiv: Du\u0219umea, Lambriu, \u0218ipc\u0103","og_description":"La www.salastar.ro ne angaj\u0103m s\u0103 protej\u0103m confiden\u021bialitatea \u0219i securitatea clien\u021bilor no\u0219tri \u0219i vizitatorilor site-ului, inclusiv \u021bie. Membrii echipei www.salastar.ro sunt chiar ei clien\u021bi, at\u00e2t ai www.salastar.ro c\u00e2t \u0219i ai altor magazine online. Prin urmare, apreciem \u0219i respect\u0103m important\u0103 confiden\u021bialit\u0103\u021bii \u0219i securit\u0103\u021bii datelor de pe internet. www.salastar.ro stocheaz\u0103 \u0219i prelucreaz\u0103 datele cu caracter personal, \u00een conformitate [&hellip;]","og_url":"https:\/\/salastar.ro\/en\/use-of-cookies\/","og_site_name":"Ambalaje flexibile: Pungi, Folii | Materiale din lemn masiv: Du\u0219umea, Lambriu, \u0218ipc\u0103","article_modified_time":"2019-10-18T12:00:15+00:00","twitter_card":"summary_large_image","twitter_misc":{"Est. reading time":"7 minutes"},"schema":{"@context":"https:\/\/schema.org","@graph":[{"@type":"WebPage","@id":"https:\/\/salastar.ro\/en\/use-of-cookies\/","url":"https:\/\/salastar.ro\/en\/use-of-cookies\/","name":"Use of cookies | Ambalaje flexibile: Pungi, Folii | Materiale din lemn masiv: Du\u0219umea, Lambriu, \u0218ipc\u0103","isPartOf":{"@id":"https:\/\/salastar.ro\/#website"},"datePublished":"2019-06-25T12:57:08+00:00","dateModified":"2019-10-18T12:00:15+00:00","breadcrumb":{"@id":"https:\/\/salastar.ro\/en\/use-of-cookies\/#breadcrumb"},"inLanguage":"en-US","potentialAction":[{"@type":"ReadAction","target":["https:\/\/salastar.ro\/en\/use-of-cookies\/"]}]},{"@type":"BreadcrumbList","@id":"https:\/\/salastar.ro\/en\/use-of-cookies\/#breadcrumb","itemListElement":[{"@type":"ListItem","position":1,"name":"Home","item":"https:\/\/salastar.ro\/en\/"},{"@type":"ListItem","position":2,"name":"Use of cookies"}]},{"@type":"WebSite","@id":"https:\/\/salastar.ro\/#website","url":"https:\/\/salastar.ro\/","name":"Ambalaje flexibile: Pungi, Folii | Materiale din lemn masiv: Du\u0219umea, Lambriu, \u0218ipc\u0103","description":"Salastar","publisher":{"@id":"https:\/\/salastar.ro\/#organization"},"potentialAction":[{"@type":"SearchAction","target":{"@type":"EntryPoint","urlTemplate":"https:\/\/salastar.ro\/?s={search_term_string}"},"query-input":"required name=search_term_string"}],"inLanguage":"en-US"},{"@type":"Organization","@id":"https:\/\/salastar.ro\/#organization","name":"Salastar","url":"https:\/\/salastar.ro\/","logo":{"@type":"ImageObject","inLanguage":"en-US","@id":"https:\/\/salastar.ro\/#\/schema\/logo\/image\/","url":"https:\/\/salastar.ro\/wp-content\/uploads\/2019\/07\/salastar-new-logo-dark.png","contentUrl":"https:\/\/salastar.ro\/wp-content\/uploads\/2019\/07\/salastar-new-logo-dark.png","width":398,"height":95,"caption":"Salastar"},"image":{"@id":"https:\/\/salastar.ro\/#\/schema\/logo\/image\/"}}]}},"_links":{"self":[{"href":"https:\/\/salastar.ro\/en\/wp-json\/wp\/v2\/pages\/2301"}],"collection":[{"href":"https:\/\/salastar.ro\/en\/wp-json\/wp\/v2\/pages"}],"about":[{"href":"https:\/\/salastar.ro\/en\/wp-json\/wp\/v2\/types\/page"}],"author":[{"embeddable":true,"href":"https:\/\/salastar.ro\/en\/wp-json\/wp\/v2\/users\/1"}],"replies":[{"embeddable":true,"href":"https:\/\/salastar.ro\/en\/wp-json\/wp\/v2\/comments?post=2301"}],"version-history":[{"count":2,"href":"https:\/\/salastar.ro\/en\/wp-json\/wp\/v2\/pages\/2301\/revisions"}],"predecessor-version":[{"id":2316,"href":"https:\/\/salastar.ro\/en\/wp-json\/wp\/v2\/pages\/2301\/revisions\/2316"}],"wp:attachment":[{"href":"https:\/\/salastar.ro\/en\/wp-json\/wp\/v2\/media?parent=2301"}],"curies":[{"name":"wp","href":"https:\/\/api.w.org\/{rel}","templated":true}]}}