{"id":2302,"date":"2019-06-24T12:43:49","date_gmt":"2019-06-24T12:43:49","guid":{"rendered":"https:\/\/salastar.affarit.com\/politica-de-confidentialitate\/"},"modified":"2019-10-18T12:00:36","modified_gmt":"2019-10-18T12:00:36","slug":"privacy-policy","status":"publish","type":"page","link":"https:\/\/salastar.ro\/en\/privacy-policy\/","title":{"rendered":"Privacy policy"},"content":{"rendered":"<p>Consider\u0103m c\u0103 este important s\u0103 v\u0103 protej\u0103m confiden\u021bialitatea \u0219i s\u0103 fim deschi\u0219i cu privire la\u00a0 modul \u00een care utiliz\u0103m datele dumneavoastr\u0103 personale.<\/p>\n<p>Aceast\u0103 declara\u021bie este pentru a v\u0103 \u00een\u0219tiin\u021ba asupra tipului de informa\u021bii colectate de la clien\u021bi \u0219i la modul \u00een care utiliz\u0103m aceste informa\u021bii.<\/p>\n<p>Acest lucru se aplic\u0103 website-urilor de\u021binute de c\u0103tre SALASTAR SRL, \u0219i anume:\u00a0www.salastar.ro<\/p>\n<p>SALASTAR SRL proceseaz\u0103 \u0219i stocheaz\u0103 date cu caracter personal \u00een UE \u0219i este capabil\u0103 s\u0103 demonstreze la orice moment conformitatea cu legile Uniunii Europene c\u00e2t \u0219i cu principiile stabilite \u00een acest document.<br \/>\nToate website-urile detinu\u021be de c\u0103tre SALASTAR SRL sunt \u00een conformitate cu Regulamentul General de Protec\u021bie a Datelor (&#8220;GDPR&#8221;), (Regulament (EU) 2016\/679), care este un act legislativ obligatoriu.<br \/>\nAceast\u0103 declara\u021bie de confiden\u021bialitate se afl\u0103 \u00een responsabilitatea SALASTAR SRL, care de\u021bine responsabilitatea general\u0103 pentru asigurarea conformit\u0103\u021bii. Ofi\u021berul de Protec\u021bie a Datelor (DPO) este responsabil pentru implementarea politicii noastre de confiden\u021bialitate, care este intrinsec legat\u0103 de declara\u021bia de confiden\u021bialitate. DPO asigur\u0103 conformitatea de zi cu zi \u0219i este implicat \u00een toate problemele legate de protec\u021bia datelor personale.<\/p>\n<p>SALASTAR SRL va determina scopurile \u0219i metodele de procesare a datelor introduse \u0219i colectate online, fiind considerat controlor al datelor.<\/p>\n<p><strong>1.\u00a0\u00a0\u00a0\u00a0\u00a0Principii de protec\u021bie a datelor\u00a0\u00a0<\/strong><\/p>\n<p>&nbsp;<\/p>\n<ul>\n<li>Colectarea datelor personale se va face numai \u00een scopurile specificate, explicite \u0219i legitime.\u00a0 Datele nu vor fi procesate c\u0103tre ter\u021bi \u00eentr-o manier\u0103 incompatibil\u0103 cu acele scopuri;<\/li>\n<\/ul>\n<ul>\n<li>Datele personale vor fi exacte, iar acolo unde este necesar, actualizate;<\/li>\n<\/ul>\n<ul>\n<li>Procesarea datelor personale se va face \u00eentr-o manier\u0103 legal\u0103, corect\u0103 \u0219i transparent\u0103;<\/li>\n<\/ul>\n<ul>\n<li>Toate datele personale vor fi p\u0103strate confiden\u021bial \u0219i stocate \u00eentr-o manier\u0103 ce asigur\u0103 securitatea necesar\u0103;<\/li>\n<\/ul>\n<ul>\n<li>Datele personale nu vor fi distribuite persoanelor ter\u021be dec\u00e2t \u00een cazul \u00een care acest lucru este necesar \u00een scopul oferirii de servicii conform acordurilor;<\/li>\n<\/ul>\n<ul>\n<li>Persoanele vizate au dreptul de a solicita accesul la datele personale, rectificarea \u0219i \u0219tergerea acestora, \u00eempotrivirea sau restric\u021bionarea de la procesarea datelor, c\u00e2t \u0219i de la dreptul de portabilitate al datelor.<\/li>\n<\/ul>\n<ol start=\"2\">\n<li><strong>Datele personale<\/strong><\/li>\n<\/ol>\n<ul>\n<li>Date personale \u00eenseamn\u0103 orice informa\u021bie care poate fi legat\u0103 de o persoan\u0103 fizic\u0103 identificat\u0103 sau identificabil\u0103 (persoana subiect).<\/li>\n<\/ul>\n<ul>\n<li>Datele personale includ toate tipurile de informa\u021bii directe sau indirecte (\u0219i anume utilizate \u00een leg\u0103tur\u0103 cu alte date) ce se refer\u0103 la persoana subiect, cum ar fi nume, data de na\u0219tere, adrese, adrese de e-mail, numere de telefon, etc.<\/li>\n<\/ul>\n<ol start=\"3\">\n<li><strong>Colectarea datelor personale<\/strong><br \/>\nDatele pe care le colect\u0103m pot include urm\u0103toarele:<\/li>\n<\/ol>\n<ul>\n<li>Numele \u0219i datele de contact (Colect\u0103m numele \u0219i prenumele dvs., adresa de e-mail, adresa po\u0219tal\u0103, num\u0103rul de telefon \u0219i alte date de contact similare)<\/li>\n<\/ul>\n<ul>\n<li>Colect\u0103m parolele, indiciile pentru parole \u0219i informa\u021bii de securitate similare folosite pentru autentificare \u0219i pentru accesarea contului.<\/li>\n<\/ul>\n<ul>\n<li>Colect\u0103m date despre dispozitivul dvs. \u0219i despre modul \u00een care dvs. \u0219i dispozitivul interac\u021biona\u021bi cu produsele noastre.<\/li>\n<\/ul>\n<ul>\n<li>Colect\u0103m date despre caracteristicile pe care le utiliza\u021bi, articolele pe care le achizi\u021biona\u021bi \u0219i paginile web pe care le vizita\u021bi.<\/li>\n<\/ul>\n<ul>\n<li>Colect\u0103m date despre dispozitivul \u0219i re\u021beaua pe care le utiliza\u021bi pentru a v\u0103 conecta la produsele noastre. Acestea includ date despre sistemele de operare \u0219i aplica\u021biile software instalate pe dispozitivul dvs., inclusiv cheile de produs. De asemenea, includ adresa IP, set\u0103rile regionale \u0219i set\u0103rile de limb\u0103.<\/li>\n<\/ul>\n<ol start=\"4\">\n<li><strong>Scopul colect\u0103rii datelor personale<\/strong><\/li>\n<\/ol>\n<ul>\n<li>informarea clien\u021bilor\/cump\u0103r\u0103torilor privind situa\u021bia Contului lor inclusiv validarea, expedierea \u0219i facturarea comenzilor, rezolvarea anul\u0103rilor sau a problemelor de orice natur\u0103 referitoare la o comand\u0103, la bunurile \u0219i\/sau serviciile achizitionate;<\/li>\n<\/ul>\n<ul>\n<li>trimiterea de newslettere \u0219i\/sau alerte periodice, prin folosirea po\u0219tei electronice (e-mail, SMS),\u00a0 numai \u00een cazul \u00een care persoana vizat\u0103 \u0219i-a exprimat \u00een mod explicit acordul.<\/li>\n<\/ul>\n<ul>\n<li>cercetare de pia\u021b\u0103, urm\u0103rire \u0219i monitorizare a v\u00e2nz\u0103rilor \u0219i comportamentului clientului\/cump\u0103r\u0103torului.<\/li>\n<\/ul>\n<p>De asemenea, SALASTAR SRL poate furniza datele cu caracter personal ale cump\u0103r\u0103torului altor companii cu care se afl\u0103 \u00een rela\u021bii de parteneriat, dar numai \u00een temeiul unui angajament de confiden\u021bialitate din partea acestora \u0219i numai \u00een scopurile men\u021bionate la punctul 16.3., prin care garanteaz\u0103 c\u0103 aceste date sunt p\u0103strate \u00een siguran\u021b\u0103 \u0219i c\u0103 furnizarea acestor informa\u021bii personale se face conform legisla\u021biei \u00een vigoare, dup\u0103 cum urmeaz\u0103: furnizorilor de servicii de curierat, furnizorilor de servicii de marketing, furnizorilor de servicii de plat\u0103\/bancare, telemarketing sau alte servicii,\u00a0 furnizate de companii cu care putem dezvolta programe comune de ofertare pe pia\u021ba bunurilor \u0219i serviciilor noastre, asiguratori.<br \/>\n\u2022 Cu scopul de a profila, monitoriza \u0219i a trimite comunic\u0103ri \u0219i oferte personalizate, folosim Retargeting.bz (Adresa: Str. Vasile Lascar, Nr. 178, Sector 2, Bucuresti, Cod Unic de Inregistrare (CUI): RO34270947, Nr. Inreg. Registrul Comertului: J40\/3525\/23.03.2015, E-mail: info@retargeting.biz, Numar de telefon: +40-727-383-165), un soft de marketing automatizat, dedicat magazinelor online.<br \/>\n\u2022 Aceste activit\u0103\u021bi nu au niciun efect legal sau alt efect semnificativ similar asupra utilizatorilor. Singura consecint\u0103 folosiri aceast\u0103 profilare este pentru c\u0103 utilizatorii s\u0103 primeasc\u0103 reduceri \u0219i oferte personalizate de marketing. Utilizatorul poate opta s\u0103 nu mai fie profilat sau s\u0103 mai primeasc\u0103 comunic\u0103ri comerciale, f\u0103r\u0103 niciun efect, altul \u00een afara de a primi aceste reduceri sau oferte personalizate de marketing.<br \/>\n\u2022 Cu scopul de prelucrare, monitorizare a activit\u0103\u021bilor (profilare) \u0219i interac\u021biune cu site-ul, Retargeting.biz trebuie s\u0103 colecteze \u00een mod automat \u0219i s\u0103 stocheze urm\u0103toare date cu caracter personal: e-mail, num\u0103r de telefon, nume, prenume, sex, data nasterii, ora\u0219, jude\u021b<br \/>\nadresa IP (inclusiv posibila loca\u021bie), browser, order ID, cod de reducere, valoare reducere, cost transport, valoare total\u0103 comanda, pre\u021b individual produse comandate, varia\u021bii de produs, produse, device, OS, IP location, timestamps legate de vizitarea paginii, vizitare pagin\u0103, vizitare categorie, vizitare brand, click pe poz\u0103, mouse over cart, mouse over price, scroll up, scroll down, add to cart, remove from cart, selectare variatie, add to wishlist, comentariu, Like pe Facebook, vizitat pagina de ajutor.<br \/>\n\u2022 Categoriile de persoane vizate sunt vizitatori, utilizatori \u00eenregistra\u021bi sau clien\u021bi ai site-ului, dup\u0103 caz, \u00een func\u021bie de serviciul ales. Datele vizit\u0103torilor vor fi stocate timp de 2 luni, iar cele ale utilizatorilor \u00eenregistra\u021bi sau clien\u021bilor timp de 3 ani.<br \/>\n\u2022 Pentru a-\u0219i presta serviciile, Retargeting.biz folose\u0219te \u00eemputernici\u021bi ter\u021bi (subcontractori) din EEA si SUA (numai pentru notific\u0103rile push), iar transferul de date cu caracter personal este f\u0103cut \u00een temeiul Scutului de Confiden\u021bialitate UE-SUA,: datele sunt re\u021binute\/stocate pe durata contractului dintre cele doua p\u0103r\u021bi.<br \/>\n\u2022 Cookie-uri: acest site trebuie sa foloseasc\u0103 cookie-uri first party \u0219i va da acces lui Retargeting.biz la aceste informa\u021bii. Acest cookie este plasat de acest site si, prin urmare, poate fi folosit doar \u00een leg\u0103tur\u0103 cu acest site. \u00cen consecin\u021ba, o legatur\u0103 \u00eentre monitorizarea intern\u0103 a utilizatorilor acestul site \u0219i monitorizarea pe alte site-uri nu este tehnic posibila prin acest cookie.<br \/>\n\u2022 Pentru a te dezabona de la comunic\u0103rile trimise de Retargeting.biz trimite un e-mail la adresa office@salastar.ro.<br \/>\nInforma\u021biile cump\u0103r\u0103torului cu caracter personal pot fi furnizate \u0219i c\u0103tre Parchetul General, Poli\u021bie, instan\u021bele judec\u0103tore\u0219ti \u0219i altor organe abilitate ale statului, \u00een baza \u0219i \u00een limitele prevederilor legale \u0219i ca urmare a unor cereri expres formulate.<\/p>\n<p><strong>5.\u00a0\u00a0\u00a0\u00a0\u00a0Utilizarea datelor personale<\/strong><\/p>\n<ul>\n<li>vom utiliza datele personale numai pentru scopul \u00een care au fost colectate \u0219i vom stoca datele doar at\u00e2t c\u00e2t este necesar pentru scopul mai sus men\u021bionat.<\/li>\n<\/ul>\n<ul>\n<li>vom p\u0103stra informa\u021biile clientului pentru perioada \u00een care contul s\u0103u este activ, pentru oricare din scopurile men\u021bionate mai sus (pct. 4).<\/li>\n<li>vom p\u0103stra \u00eenregistr\u0103riile convorbirilor telefonice pe o perioada de maxim 6 luni.<\/li>\n<\/ul>\n<ul>\n<li>accesul la datele personale este strict limitat personalului SALASTAR SRL, asocia\u021bilor care de\u021bin autoriza\u021bia necesar\u0103 \u0219i nevoia clar definit\u0103 pentru utilizarea datelor.<\/li>\n<\/ul>\n<p>Dac\u0103 utilizatorii nu doresc divulgarea datelor personale acestor companii, ace\u0219tia sunt ruga\u021bi s\u0103 contacteze DPO la adresa de email\u00a0dpo@salastar.ro<\/p>\n<p><strong>6.\u00a0\u00a0\u00a0\u00a0 Securitatea proces\u0103rii<\/strong><br \/>\nVom procesa datele \u00een mod sigur, vom aplica \u0219i men\u021bine m\u0103suri tehnice adecvate pentru a proteja datele personale \u00eempotriva distrugerii sau pierderii accidentale sau ilegale, alterare, divulgare sau acces neautorizat, \u00een mod special atunci c\u00e2nd procesarea presupune transmiterea datelor printr-o re\u021bea at\u00e2t c\u00e2t \u0219i \u00eempotriva oric\u0103rei alte forme de procesare ilegal\u0103.<br \/>\n\u00centreb\u0103ri legate de securitatea datelor personale pot fi trimise c\u0103tre DPO la adresa de email\u00a0dpo@salastar.ro .<\/p>\n<p><strong>7.\u00a0\u00a0\u00a0\u00a0 Accesul \u0219i rectificarea sau \u0219tergerea datelor personale<\/strong><\/p>\n<ul>\n<li>clien\u021bii au dreptul de a solicita \u00een orice moment accesul la: \u00a0rectificarea, portabilitatea, \u0219tergerea sau restric\u021bionarea proces\u0103rii datelor colectate.<\/li>\n<\/ul>\n<ul>\n<li>pentru p\u0103strarea datelor personale actualizate, recomand\u0103m utilizatorilor s\u0103 ne informeze despre orice schimbare sau discrepan\u021b\u0103.<\/li>\n<\/ul>\n<p>Pentru vizualizarea sau modificarea datelor personale sau pentru a ob\u021bine informa\u021bii legate de datele personale ( dac\u0103 la solicitarea unui ter\u021b, am stocat sau am prelucrat oricare din datele dvs. cu caracter personal ), \u00a0v\u0103 rug\u0103m contacta\u021bi DPO la adresa de email:\u00a0dpo@salastar.ro .<br \/>\nCerere semnat\u0103 \u0219i datat\u0103.<\/p>\n<p><strong>8.\u00a0\u00a0\u00a0\u00a0 E-mailuri de marketing<\/strong><br \/>\nSALASTAR SRL are dreptul s\u0103 trimit\u0103 clien\u021bilor e-mailuri de marketing cu consim\u021b\u0103m\u00e2ntul acestora. Aceast\u0103 form\u0103 specific\u0103 de consim\u021b\u0103m\u00e2nt trebuie dat\u0103 \u00een mod liber, informat\u0103 specific \u0219i precis.<br \/>\nAceste cereri sunt \u00eendeplinite \u00een momentul \u00een care clien\u021bii au optat s\u0103 primeasc\u0103 e-mailuri de marketing (au aprobat activ), bif\u00e2nd sec\u021biunea \u201eDoresc s\u0103 primesc ofertele FashionUp, precum \u0219i cele mai noi tendin\u021be \u00een mod\u0103, stil \u0219i frumuse\u021be, prin e-mail, po\u0219t\u0103 sau text &#8220;, afi\u0219at\u0103 la \u00eentregistrarea unui cont nou, la abonarea pentru newslettere precum \u0219i \u00een contul personal.<br \/>\n*Prin text se \u00een\u021beleg acele comunic\u0103ri de tip sms trimise pe telefonul mobil sau notific\u0103rile push ce apar \u00een browserul de Chrome sau Firefox.<br \/>\nClien\u021bii vor avea mereu dreptul de a obiecta, la cerere \u0219i f\u0103r\u0103 costuri, asupra proces\u0103rii datelor cu caracter personal \u00een scopuri de marketing direct, f\u0103r\u0103 a trebui s\u0103 furnizeze justific\u0103ri concrete. Clien\u021bii pot face acest lucru d\u00e2nd click pe linkul \u201eDezabonare&#8221; care apare \u00een mesajele de e-mail pe care ace\u0219tia le primesc sau pot trimite un mesaj la\u00a0office@salastar.ro. Odat\u0103 ce clientul \u0219i-a exprimat dezacordul, datele personale ale acelui client nu vor mai fi procesate pentru marketing direct.<br \/>\n*E-mailurile de marketing con\u021bin informa\u021bii pe care le consider\u0103m interesante pentru client, promo\u021bii \u0219i oferte de ultim\u0103 or\u0103 legate de produsele \u0219i serviciile noastre.<\/p>\n<p><strong>9.\u00a0\u00a0\u00a0\u00a0 Pl\u00e2ngeri<\/strong><\/p>\n<ul>\n<li>clien\u021bii au dreptul s\u0103 adreseze o pl\u00e2ngere legat\u0103 de procesarea datelor lor personale. Toate \u00eentreb\u0103rile \u0219i pl\u00e2ngerile vor fi prelucrate de c\u0103tre DPO \u00een timp util \u0219i \u00een concordan\u021b\u0103 cu procedurile interne.<\/li>\n<\/ul>\n<p>Pl\u00e2ngerile pot fi trimise la DPO, dpo@salastar.ro<\/p>\n<ul>\n<li>\u00een cazul improbabil \u00een care clien\u021bii au suferit daune din cauza \u00eenc\u0103lc\u0103rii drepturilor conform politicii de protec\u021bie a datelor personale \u0219i SALASTAR SRL nu a tratat pl\u00e2ngerea \u00een mod corespunz\u0103tor, clien\u021bii au posibilitatea de a trimite o pl\u00e2ngere autorit\u0103\u021bii superioare(\u00a0<a href=\"http:\/\/www.dataprotection.ro\/\">ANSPDCP<\/a>\u00a0) .<\/li>\n<\/ul>\n<ol start=\"10\">\n<li><strong>Modific\u0103ri ale acestei politici<\/strong><br \/>\nAceast\u0103 politic\u0103 poate fi actualizat\u0103 din c\u00e2nd \u00een c\u00e2nd, de exemplu \u00een urma modific\u0103rii legisla\u021biei relevante sau schimb\u0103rii structurii corporative \u00een cadrul SALASTAR SRL.<br \/>\n\u00cen cazul \u00een care se fac modific\u0103ri ale acestui material, clien\u021bii vor fi notifica\u021bi pe e-mail sau prin intermediul website-ului \u00eenainte ca schimb\u0103rile s\u0103 intre \u00een vigoare.<br \/>\n\u00cencuraj\u0103m clien\u021bii s\u0103 verifice aceast\u0103 pagin\u0103 periodic pentru a fi informa\u021bi despre ultimele nout\u0103\u021bi \u00een ceea ce prive\u0219te practicile noastre de confiden\u021bialitate.<strong>PRIN CITIREA DOCUMENTULUI A\u021aI LUAT LA CUNO\u0218TIN\u021a\u0102 FAPTUL C\u0102 V\u0102 SUNT GARANTATE DREPTURILE PREV\u0102ZUTE DE LEGE, RESPECTIV DREPTUL LA INFORMARE, DREPTUL DE ACCES LA DATE, DREPTUL DE INTERVEN\u021aIE, DREPTUL DE OPOZI\u021aIE, DREPTUL DE A NU FI SUPUS UNEI DECIZII INDIVIDUALE, DREPTUL DE V\u0102 ADRESA JUSTI\u021aIEI \u00ceN CAZ DE \u00ceNCALCARE A DREPTURILOR, \u00a0GARANTATE DE LEGEA 677\/2001 PENTRU PROTEC\u021aIA PERSOANELOR CU PRIVIRE LA PRELUCRAREA DATELOR CU CARACTER PERSONAL,\u00a0 \u0218I LIBERA CIRCULA\u021aIE A ACESTOR DATE.<\/strong><\/li>\n<\/ol>\n","protected":false},"excerpt":{"rendered":"<p>Consider\u0103m c\u0103 este important s\u0103 v\u0103 protej\u0103m confiden\u021bialitatea \u0219i s\u0103 fim deschi\u0219i cu privire la\u00a0 modul \u00een care utiliz\u0103m datele dumneavoastr\u0103 personale. Aceast\u0103 declara\u021bie este pentru a v\u0103 \u00een\u0219tiin\u021ba asupra tipului de informa\u021bii colectate de la clien\u021bi \u0219i la modul \u00een care utiliz\u0103m aceste informa\u021bii. Acest lucru se aplic\u0103 website-urilor de\u021binute de c\u0103tre SALASTAR SRL, [&hellip;]<\/p>\n","protected":false},"author":1,"featured_media":0,"parent":0,"menu_order":0,"comment_status":"closed","ping_status":"open","template":"","meta":{"om_disable_all_campaigns":false,"_monsterinsights_skip_tracking":false,"_monsterinsights_sitenote_active":false,"_monsterinsights_sitenote_note":"","_monsterinsights_sitenote_category":0,"footnotes":""},"yoast_head":"<!-- This site is optimized with the Yoast SEO plugin v21.4 - https:\/\/yoast.com\/wordpress\/plugins\/seo\/ -->\n<title>Privacy policy | Ambalaje flexibile: Pungi, Folii | Materiale din lemn masiv: Du\u0219umea, Lambriu, \u0218ipc\u0103<\/title>\n<meta name=\"robots\" content=\"index, follow, max-snippet:-1, max-image-preview:large, max-video-preview:-1\" \/>\n<link rel=\"canonical\" href=\"https:\/\/salastar.ro\/en\/privacy-policy\/\" \/>\n<meta property=\"og:locale\" content=\"en_US\" \/>\n<meta property=\"og:type\" content=\"article\" \/>\n<meta property=\"og:title\" content=\"Privacy policy | Ambalaje flexibile: Pungi, Folii | Materiale din lemn masiv: Du\u0219umea, Lambriu, \u0218ipc\u0103\" \/>\n<meta property=\"og:description\" content=\"Consider\u0103m c\u0103 este important s\u0103 v\u0103 protej\u0103m confiden\u021bialitatea \u0219i s\u0103 fim deschi\u0219i cu privire la\u00a0 modul \u00een care utiliz\u0103m datele dumneavoastr\u0103 personale. Aceast\u0103 declara\u021bie este pentru a v\u0103 \u00een\u0219tiin\u021ba asupra tipului de informa\u021bii colectate de la clien\u021bi \u0219i la modul \u00een care utiliz\u0103m aceste informa\u021bii. Acest lucru se aplic\u0103 website-urilor de\u021binute de c\u0103tre SALASTAR SRL, [&hellip;]\" \/>\n<meta property=\"og:url\" content=\"https:\/\/salastar.ro\/en\/privacy-policy\/\" \/>\n<meta property=\"og:site_name\" content=\"Ambalaje flexibile: Pungi, Folii | Materiale din lemn masiv: Du\u0219umea, Lambriu, \u0218ipc\u0103\" \/>\n<meta property=\"article:modified_time\" content=\"2019-10-18T12:00:36+00:00\" \/>\n<meta name=\"twitter:card\" content=\"summary_large_image\" \/>\n<meta name=\"twitter:label1\" content=\"Est. reading time\" \/>\n\t<meta name=\"twitter:data1\" content=\"10 minutes\" \/>\n<!-- \/ Yoast SEO plugin. -->","yoast_head_json":{"title":"Privacy policy | Ambalaje flexibile: Pungi, Folii | Materiale din lemn masiv: Du\u0219umea, Lambriu, \u0218ipc\u0103","robots":{"index":"index","follow":"follow","max-snippet":"max-snippet:-1","max-image-preview":"max-image-preview:large","max-video-preview":"max-video-preview:-1"},"canonical":"https:\/\/salastar.ro\/en\/privacy-policy\/","og_locale":"en_US","og_type":"article","og_title":"Privacy policy | Ambalaje flexibile: Pungi, Folii | Materiale din lemn masiv: Du\u0219umea, Lambriu, \u0218ipc\u0103","og_description":"Consider\u0103m c\u0103 este important s\u0103 v\u0103 protej\u0103m confiden\u021bialitatea \u0219i s\u0103 fim deschi\u0219i cu privire la\u00a0 modul \u00een care utiliz\u0103m datele dumneavoastr\u0103 personale. Aceast\u0103 declara\u021bie este pentru a v\u0103 \u00een\u0219tiin\u021ba asupra tipului de informa\u021bii colectate de la clien\u021bi \u0219i la modul \u00een care utiliz\u0103m aceste informa\u021bii. Acest lucru se aplic\u0103 website-urilor de\u021binute de c\u0103tre SALASTAR SRL, [&hellip;]","og_url":"https:\/\/salastar.ro\/en\/privacy-policy\/","og_site_name":"Ambalaje flexibile: Pungi, Folii | Materiale din lemn masiv: Du\u0219umea, Lambriu, \u0218ipc\u0103","article_modified_time":"2019-10-18T12:00:36+00:00","twitter_card":"summary_large_image","twitter_misc":{"Est. reading time":"10 minutes"},"schema":{"@context":"https:\/\/schema.org","@graph":[{"@type":"WebPage","@id":"https:\/\/salastar.ro\/en\/privacy-policy\/","url":"https:\/\/salastar.ro\/en\/privacy-policy\/","name":"Privacy policy | Ambalaje flexibile: Pungi, Folii | Materiale din lemn masiv: Du\u0219umea, Lambriu, \u0218ipc\u0103","isPartOf":{"@id":"https:\/\/salastar.ro\/#website"},"datePublished":"2019-06-24T12:43:49+00:00","dateModified":"2019-10-18T12:00:36+00:00","breadcrumb":{"@id":"https:\/\/salastar.ro\/en\/privacy-policy\/#breadcrumb"},"inLanguage":"en-US","potentialAction":[{"@type":"ReadAction","target":["https:\/\/salastar.ro\/en\/privacy-policy\/"]}]},{"@type":"BreadcrumbList","@id":"https:\/\/salastar.ro\/en\/privacy-policy\/#breadcrumb","itemListElement":[{"@type":"ListItem","position":1,"name":"Home","item":"https:\/\/salastar.ro\/en\/"},{"@type":"ListItem","position":2,"name":"Privacy policy"}]},{"@type":"WebSite","@id":"https:\/\/salastar.ro\/#website","url":"https:\/\/salastar.ro\/","name":"Ambalaje flexibile: Pungi, Folii | Materiale din lemn masiv: Du\u0219umea, Lambriu, \u0218ipc\u0103","description":"Salastar","publisher":{"@id":"https:\/\/salastar.ro\/#organization"},"potentialAction":[{"@type":"SearchAction","target":{"@type":"EntryPoint","urlTemplate":"https:\/\/salastar.ro\/?s={search_term_string}"},"query-input":"required name=search_term_string"}],"inLanguage":"en-US"},{"@type":"Organization","@id":"https:\/\/salastar.ro\/#organization","name":"Salastar","url":"https:\/\/salastar.ro\/","logo":{"@type":"ImageObject","inLanguage":"en-US","@id":"https:\/\/salastar.ro\/#\/schema\/logo\/image\/","url":"https:\/\/salastar.ro\/wp-content\/uploads\/2019\/07\/salastar-new-logo-dark.png","contentUrl":"https:\/\/salastar.ro\/wp-content\/uploads\/2019\/07\/salastar-new-logo-dark.png","width":398,"height":95,"caption":"Salastar"},"image":{"@id":"https:\/\/salastar.ro\/#\/schema\/logo\/image\/"}}]}},"_links":{"self":[{"href":"https:\/\/salastar.ro\/en\/wp-json\/wp\/v2\/pages\/2302"}],"collection":[{"href":"https:\/\/salastar.ro\/en\/wp-json\/wp\/v2\/pages"}],"about":[{"href":"https:\/\/salastar.ro\/en\/wp-json\/wp\/v2\/types\/page"}],"author":[{"embeddable":true,"href":"https:\/\/salastar.ro\/en\/wp-json\/wp\/v2\/users\/1"}],"replies":[{"embeddable":true,"href":"https:\/\/salastar.ro\/en\/wp-json\/wp\/v2\/comments?post=2302"}],"version-history":[{"count":1,"href":"https:\/\/salastar.ro\/en\/wp-json\/wp\/v2\/pages\/2302\/revisions"}],"predecessor-version":[{"id":2317,"href":"https:\/\/salastar.ro\/en\/wp-json\/wp\/v2\/pages\/2302\/revisions\/2317"}],"wp:attachment":[{"href":"https:\/\/salastar.ro\/en\/wp-json\/wp\/v2\/media?parent=2302"}],"curies":[{"name":"wp","href":"https:\/\/api.w.org\/{rel}","templated":true}]}}