{"id":2172,"date":"2019-08-15T12:29:43","date_gmt":"2019-08-15T12:29:43","guid":{"rendered":"https:\/\/salastar.affarit.com\/incinerator-si-actualizare-sistem-psi\/"},"modified":"2019-10-21T07:58:48","modified_gmt":"2019-10-21T07:58:48","slug":"illekony-szerves-vegyuletek-kezelese-cov-es-psi-rendszer-aktualizalasa","status":"publish","type":"page","link":"https:\/\/salastar.ro\/hu\/illekony-szerves-vegyuletek-kezelese-cov-es-psi-rendszer-aktualizalasa\/","title":{"rendered":"Ill\u00e9kony szerves vegy\u00fcletek kezel\u00e9se (COV) \u00e9s PSI rendszer aktualiz\u00e1l\u00e1sa"},"content":{"rendered":"\t\t<div data-elementor-type=\"wp-post\" data-elementor-id=\"2172\" class=\"elementor elementor-2172\" data-elementor-settings=\"[]\">\n\t\t\t<div class=\"elementor-inner\">\n\t\t\t\t<div class=\"elementor-section-wrap\">\n\t\t\t\t\t\t\t<section class=\"elementor-element elementor-element-595a4b4 elementor-section-full_width elementor-section-height-default elementor-section-height-default elementor-section elementor-top-section\" data-id=\"595a4b4\" data-element_type=\"section\">\n\t\t\t\t\t\t<div class=\"elementor-container elementor-column-gap-default\">\n\t\t\t\t<div class=\"elementor-row\">\n\t\t\t\t<div class=\"elementor-element elementor-element-a81f22a elementor-column elementor-col-50 elementor-top-column\" data-id=\"a81f22a\" data-element_type=\"column\">\n\t\t\t<div class=\"elementor-column-wrap  elementor-element-populated\">\n\t\t\t\t\t<div class=\"elementor-widget-wrap\">\n\t\t\t\t<div class=\"elementor-element elementor-element-97a324c elementor-widget elementor-widget-text-editor\" data-id=\"97a324c\" data-element_type=\"widget\" data-widget_type=\"text-editor.default\">\n\t\t\t\t<div class=\"elementor-widget-container\">\n\t\t\t\t\t<div class=\"elementor-text-editor elementor-clearfix\"><p>K\u00e9t fontos rendszer megv\u00e1s\u00e1rl\u00e1sa a leg\u00fajabb k\u00e9r\u00e9seknek megfelel\u0151en, nevezetesen COV kezel\u0151 rendszer \u00e9s T\u0171zolt\u00f3 rendszer.<\/p><\/div>\n\t\t\t\t<\/div>\n\t\t\t\t<\/div>\n\t\t\t\t\t\t<\/div>\n\t\t\t<\/div>\n\t\t<\/div>\n\t\t\t\t<div class=\"elementor-element elementor-element-cfc2c7e elementor-column elementor-col-50 elementor-top-column\" data-id=\"cfc2c7e\" data-element_type=\"column\">\n\t\t\t<div class=\"elementor-column-wrap  elementor-element-populated\">\n\t\t\t\t\t<div class=\"elementor-widget-wrap\">\n\t\t\t\t<div class=\"elementor-element elementor-element-9ee8378 elementor-widget elementor-widget-image\" data-id=\"9ee8378\" data-element_type=\"widget\" data-widget_type=\"image.default\">\n\t\t\t\t<div class=\"elementor-widget-container\">\n\t\t\t\t\t<div class=\"elementor-image\">\n\t\t\t\t\t\t\t\t\t\t\t<a href=\"https:\/\/www.salastar.ro\/wp-content\/uploads\/2019\/08\/Incinerator-si-actualizare-sistem-PSI.jpg\" data-elementor-open-lightbox=\"default\">\n\t\t\t\t\t\t\t<img loading=\"lazy\" width=\"1024\" height=\"768\" src=\"https:\/\/salastar.ro\/wp-content\/uploads\/2019\/08\/Incinerator-si-actualizare-sistem-PSI-1024x768.jpg\" class=\"attachment-large size-large\" alt=\"\" decoding=\"async\" srcset=\"https:\/\/salastar.ro\/wp-content\/uploads\/2019\/08\/Incinerator-si-actualizare-sistem-PSI-1024x768.jpg 1024w, https:\/\/salastar.ro\/wp-content\/uploads\/2019\/08\/Incinerator-si-actualizare-sistem-PSI-300x225.jpg 300w, https:\/\/salastar.ro\/wp-content\/uploads\/2019\/08\/Incinerator-si-actualizare-sistem-PSI-768x576.jpg 768w, https:\/\/salastar.ro\/wp-content\/uploads\/2019\/08\/Incinerator-si-actualizare-sistem-PSI-1000x750.jpg 1000w, https:\/\/salastar.ro\/wp-content\/uploads\/2019\/08\/Incinerator-si-actualizare-sistem-PSI-600x450.jpg 600w, https:\/\/salastar.ro\/wp-content\/uploads\/2019\/08\/Incinerator-si-actualizare-sistem-PSI.jpg 1890w\" sizes=\"(max-width: 1024px) 100vw, 1024px\" \/>\t\t\t\t\t\t\t\t<\/a>\n\t\t\t\t\t\t\t\t\t\t\t<\/div>\n\t\t\t\t<\/div>\n\t\t\t\t<\/div>\n\t\t\t\t\t\t<\/div>\n\t\t\t<\/div>\n\t\t<\/div>\n\t\t\t\t\t\t<\/div>\n\t\t\t<\/div>\n\t\t<\/section>\n\t\t\t\t\t\t<\/div>\n\t\t\t<\/div>\n\t\t<\/div>\n\t\t","protected":false},"excerpt":{"rendered":"<p>K\u00e9t fontos rendszer megv\u00e1s\u00e1rl\u00e1sa a leg\u00fajabb k\u00e9r\u00e9seknek megfelel\u0151en, nevezetesen COV kezel\u0151 rendszer \u00e9s T\u0171zolt\u00f3 rendszer.<\/p>\n","protected":false},"author":1,"featured_media":1851,"parent":0,"menu_order":0,"comment_status":"closed","ping_status":"open","template":"","meta":{"om_disable_all_campaigns":false,"_monsterinsights_skip_tracking":false,"_monsterinsights_sitenote_active":false,"_monsterinsights_sitenote_note":"","_monsterinsights_sitenote_category":0,"footnotes":""},"yoast_head":"<!-- This site is optimized with the Yoast SEO plugin v21.4 - https:\/\/yoast.com\/wordpress\/plugins\/seo\/ -->\n<title>Ill\u00e9kony szerves vegy\u00fcletek kezel\u00e9se (COV) \u00e9s PSI rendszer aktualiz\u00e1l\u00e1sa | Ambalaje flexibile: Pungi, Folii | Materiale din lemn masiv: Du\u0219umea, Lambriu, \u0218ipc\u0103<\/title>\n<meta name=\"robots\" content=\"index, follow, max-snippet:-1, max-image-preview:large, max-video-preview:-1\" \/>\n<link rel=\"canonical\" href=\"https:\/\/salastar.ro\/hu\/illekony-szerves-vegyuletek-kezelese-cov-es-psi-rendszer-aktualizalasa\/\" \/>\n<meta property=\"og:locale\" content=\"hu_HU\" \/>\n<meta property=\"og:type\" content=\"article\" \/>\n<meta property=\"og:title\" content=\"Ill\u00e9kony szerves vegy\u00fcletek kezel\u00e9se (COV) \u00e9s PSI rendszer aktualiz\u00e1l\u00e1sa | Ambalaje flexibile: Pungi, Folii | Materiale din lemn masiv: Du\u0219umea, Lambriu, \u0218ipc\u0103\" \/>\n<meta property=\"og:description\" content=\"K\u00e9t fontos rendszer megv\u00e1s\u00e1rl\u00e1sa a leg\u00fajabb k\u00e9r\u00e9seknek megfelel\u0151en, nevezetesen COV kezel\u0151 rendszer \u00e9s T\u0171zolt\u00f3 rendszer.\" \/>\n<meta property=\"og:url\" content=\"https:\/\/salastar.ro\/hu\/illekony-szerves-vegyuletek-kezelese-cov-es-psi-rendszer-aktualizalasa\/\" \/>\n<meta property=\"og:site_name\" content=\"Ambalaje flexibile: Pungi, Folii | Materiale din lemn masiv: Du\u0219umea, Lambriu, \u0218ipc\u0103\" \/>\n<meta property=\"article:modified_time\" content=\"2019-10-21T07:58:48+00:00\" \/>\n<meta property=\"og:image\" content=\"https:\/\/salastar.ro\/wp-content\/uploads\/2019\/09\/Incinerator-si-actualizare-sistem-PSI-1024x768.jpg\" \/>\n\t<meta property=\"og:image:width\" content=\"1024\" \/>\n\t<meta property=\"og:image:height\" content=\"768\" \/>\n\t<meta property=\"og:image:type\" content=\"image\/jpeg\" \/>\n<meta name=\"twitter:card\" content=\"summary_large_image\" \/>\n<!-- \/ Yoast SEO plugin. -->","yoast_head_json":{"title":"Ill\u00e9kony szerves vegy\u00fcletek kezel\u00e9se (COV) \u00e9s PSI rendszer aktualiz\u00e1l\u00e1sa | Ambalaje flexibile: Pungi, Folii | Materiale din lemn masiv: Du\u0219umea, Lambriu, \u0218ipc\u0103","robots":{"index":"index","follow":"follow","max-snippet":"max-snippet:-1","max-image-preview":"max-image-preview:large","max-video-preview":"max-video-preview:-1"},"canonical":"https:\/\/salastar.ro\/hu\/illekony-szerves-vegyuletek-kezelese-cov-es-psi-rendszer-aktualizalasa\/","og_locale":"hu_HU","og_type":"article","og_title":"Ill\u00e9kony szerves vegy\u00fcletek kezel\u00e9se (COV) \u00e9s PSI rendszer aktualiz\u00e1l\u00e1sa | Ambalaje flexibile: Pungi, Folii | Materiale din lemn masiv: Du\u0219umea, Lambriu, \u0218ipc\u0103","og_description":"K\u00e9t fontos rendszer megv\u00e1s\u00e1rl\u00e1sa a leg\u00fajabb k\u00e9r\u00e9seknek megfelel\u0151en, nevezetesen COV kezel\u0151 rendszer \u00e9s T\u0171zolt\u00f3 rendszer.","og_url":"https:\/\/salastar.ro\/hu\/illekony-szerves-vegyuletek-kezelese-cov-es-psi-rendszer-aktualizalasa\/","og_site_name":"Ambalaje flexibile: Pungi, Folii | Materiale din lemn masiv: Du\u0219umea, Lambriu, \u0218ipc\u0103","article_modified_time":"2019-10-21T07:58:48+00:00","og_image":[{"width":1024,"height":768,"url":"https:\/\/salastar.ro\/wp-content\/uploads\/2019\/09\/Incinerator-si-actualizare-sistem-PSI-1024x768.jpg","type":"image\/jpeg"}],"twitter_card":"summary_large_image","schema":{"@context":"https:\/\/schema.org","@graph":[{"@type":"WebPage","@id":"https:\/\/salastar.ro\/hu\/illekony-szerves-vegyuletek-kezelese-cov-es-psi-rendszer-aktualizalasa\/","url":"https:\/\/salastar.ro\/hu\/illekony-szerves-vegyuletek-kezelese-cov-es-psi-rendszer-aktualizalasa\/","name":"Ill\u00e9kony szerves vegy\u00fcletek kezel\u00e9se (COV) \u00e9s PSI rendszer aktualiz\u00e1l\u00e1sa | Ambalaje flexibile: Pungi, Folii | Materiale din lemn masiv: Du\u0219umea, Lambriu, \u0218ipc\u0103","isPartOf":{"@id":"https:\/\/salastar.ro\/#website"},"datePublished":"2019-08-15T12:29:43+00:00","dateModified":"2019-10-21T07:58:48+00:00","breadcrumb":{"@id":"https:\/\/salastar.ro\/hu\/illekony-szerves-vegyuletek-kezelese-cov-es-psi-rendszer-aktualizalasa\/#breadcrumb"},"inLanguage":"hu","potentialAction":[{"@type":"ReadAction","target":["https:\/\/salastar.ro\/hu\/illekony-szerves-vegyuletek-kezelese-cov-es-psi-rendszer-aktualizalasa\/"]}]},{"@type":"BreadcrumbList","@id":"https:\/\/salastar.ro\/hu\/illekony-szerves-vegyuletek-kezelese-cov-es-psi-rendszer-aktualizalasa\/#breadcrumb","itemListElement":[{"@type":"ListItem","position":1,"name":"Home","item":"https:\/\/salastar.ro\/hu\/homepage-2\/"},{"@type":"ListItem","position":2,"name":"Ill\u00e9kony szerves vegy\u00fcletek kezel\u00e9se (COV) \u00e9s PSI rendszer aktualiz\u00e1l\u00e1sa"}]},{"@type":"WebSite","@id":"https:\/\/salastar.ro\/#website","url":"https:\/\/salastar.ro\/","name":"Ambalaje flexibile: Pungi, Folii | Materiale din lemn masiv: Du\u0219umea, Lambriu, \u0218ipc\u0103","description":"Salastar","publisher":{"@id":"https:\/\/salastar.ro\/#organization"},"potentialAction":[{"@type":"SearchAction","target":{"@type":"EntryPoint","urlTemplate":"https:\/\/salastar.ro\/?s={search_term_string}"},"query-input":"required name=search_term_string"}],"inLanguage":"hu"},{"@type":"Organization","@id":"https:\/\/salastar.ro\/#organization","name":"Salastar","url":"https:\/\/salastar.ro\/","logo":{"@type":"ImageObject","inLanguage":"hu","@id":"https:\/\/salastar.ro\/#\/schema\/logo\/image\/","url":"https:\/\/salastar.ro\/wp-content\/uploads\/2019\/07\/salastar-new-logo-dark.png","contentUrl":"https:\/\/salastar.ro\/wp-content\/uploads\/2019\/07\/salastar-new-logo-dark.png","width":398,"height":95,"caption":"Salastar"},"image":{"@id":"https:\/\/salastar.ro\/#\/schema\/logo\/image\/"}}]}},"_links":{"self":[{"href":"https:\/\/salastar.ro\/hu\/wp-json\/wp\/v2\/pages\/2172"}],"collection":[{"href":"https:\/\/salastar.ro\/hu\/wp-json\/wp\/v2\/pages"}],"about":[{"href":"https:\/\/salastar.ro\/hu\/wp-json\/wp\/v2\/types\/page"}],"author":[{"embeddable":true,"href":"https:\/\/salastar.ro\/hu\/wp-json\/wp\/v2\/users\/1"}],"replies":[{"embeddable":true,"href":"https:\/\/salastar.ro\/hu\/wp-json\/wp\/v2\/comments?post=2172"}],"version-history":[{"count":4,"href":"https:\/\/salastar.ro\/hu\/wp-json\/wp\/v2\/pages\/2172\/revisions"}],"predecessor-version":[{"id":2369,"href":"https:\/\/salastar.ro\/hu\/wp-json\/wp\/v2\/pages\/2172\/revisions\/2369"}],"wp:featuredmedia":[{"embeddable":true,"href":"https:\/\/salastar.ro\/hu\/wp-json\/wp\/v2\/media\/1851"}],"wp:attachment":[{"href":"https:\/\/salastar.ro\/hu\/wp-json\/wp\/v2\/media?parent=2172"}],"curies":[{"name":"wp","href":"https:\/\/api.w.org\/{rel}","templated":true}]}}