{"id":2178,"date":"2018-08-25T11:28:25","date_gmt":"2018-08-25T11:28:25","guid":{"rendered":"https:\/\/salastar.affarit.com\/contact\/"},"modified":"2019-10-18T07:25:32","modified_gmt":"2019-10-18T07:25:32","slug":"kapcsolat","status":"publish","type":"page","link":"https:\/\/salastar.ro\/hu\/kapcsolat\/","title":{"rendered":"Kapcsolat"},"content":{"rendered":"\t\t<div data-elementor-type=\"wp-post\" data-elementor-id=\"2178\" class=\"elementor elementor-2178\" data-elementor-settings=\"[]\">\n\t\t\t<div class=\"elementor-inner\">\n\t\t\t\t<div class=\"elementor-section-wrap\">\n\t\t\t\t\t\t\t<section class=\"elementor-element elementor-element-fb07f27 elementor-section-full_width elementor-section-height-default elementor-section-height-default elementor-section elementor-top-section\" data-id=\"fb07f27\" data-element_type=\"section\">\n\t\t\t\t\t\t<div class=\"elementor-container elementor-column-gap-default\">\n\t\t\t\t<div class=\"elementor-row\">\n\t\t\t\t<div class=\"elementor-element elementor-element-e9b2533 elementor-column elementor-col-100 elementor-top-column\" data-id=\"e9b2533\" data-element_type=\"column\">\n\t\t\t<div class=\"elementor-column-wrap  elementor-element-populated\">\n\t\t\t\t\t<div class=\"elementor-widget-wrap\">\n\t\t\t\t<div class=\"elementor-element elementor-element-6fb3e8f elementor-widget elementor-widget-google_maps\" data-id=\"6fb3e8f\" data-element_type=\"widget\" data-widget_type=\"google_maps.default\">\n\t\t\t\t<div class=\"elementor-widget-container\">\n\t\t\t<div class=\"elementor-custom-embed\"><iframe frameborder=\"0\" scrolling=\"no\" marginheight=\"0\" marginwidth=\"0\" src=\"https:\/\/maps.google.com\/maps?q=Mugeni%2C%20Harghita%20119&amp;t=m&amp;z=17&amp;output=embed&amp;iwloc=near\" aria-label=\"Mugeni, Harghita 119\"><\/iframe><\/div>\t\t<\/div>\n\t\t\t\t<\/div>\n\t\t\t\t\t\t<\/div>\n\t\t\t<\/div>\n\t\t<\/div>\n\t\t\t\t\t\t<\/div>\n\t\t\t<\/div>\n\t\t<\/section>\n\t\t\t\t<section class=\"elementor-element elementor-element-95db042 elementor-section-full_width elementor-section-height-default elementor-section-height-default elementor-section elementor-top-section\" data-id=\"95db042\" data-element_type=\"section\" data-settings=\"{&quot;background_background&quot;:&quot;classic&quot;}\">\n\t\t\t\t\t\t<div class=\"elementor-container elementor-column-gap-default\">\n\t\t\t\t<div class=\"elementor-row\">\n\t\t\t\t<div class=\"elementor-element elementor-element-69a46a2 elementor-column elementor-col-50 elementor-top-column\" data-id=\"69a46a2\" data-element_type=\"column\" data-settings=\"{&quot;background_background&quot;:&quot;classic&quot;}\">\n\t\t\t<div class=\"elementor-column-wrap  elementor-element-populated\">\n\t\t\t\t\t<div class=\"elementor-widget-wrap\">\n\t\t\t\t<div class=\"elementor-element elementor-element-89a428e elementor-widget elementor-widget-heading\" data-id=\"89a428e\" data-element_type=\"widget\" data-widget_type=\"heading.default\">\n\t\t\t\t<div class=\"elementor-widget-container\">\n\t\t\t<h2 class=\"elementor-heading-title elementor-size-default\">Kapcsolat<\/h2>\t\t<\/div>\n\t\t\t\t<\/div>\n\t\t\t\t<div class=\"elementor-element elementor-element-546d1d6 elementor-widget elementor-widget-shortcode\" data-id=\"546d1d6\" data-element_type=\"widget\" data-widget_type=\"shortcode.default\">\n\t\t\t\t<div class=\"elementor-widget-container\">\n\t\t\t\t\t<div class=\"elementor-shortcode\">\n<div class=\"wpcf7 no-js\" id=\"wpcf7-f2132-o1\" lang=\"en-US\" dir=\"ltr\">\n<div class=\"screen-reader-response\"><p role=\"status\" aria-live=\"polite\" aria-atomic=\"true\"><\/p> <ul><\/ul><\/div>\n<form action=\"\/hu\/wp-json\/wp\/v2\/pages\/2178#wpcf7-f2132-o1\" method=\"post\" class=\"wpcf7-form init\" aria-label=\"Contact form\" novalidate=\"novalidate\" data-status=\"init\">\n<div style=\"display: none;\">\n<input type=\"hidden\" name=\"_wpcf7\" value=\"2132\" \/>\n<input type=\"hidden\" name=\"_wpcf7_version\" value=\"5.9.8\" \/>\n<input type=\"hidden\" name=\"_wpcf7_locale\" value=\"en_US\" \/>\n<input type=\"hidden\" name=\"_wpcf7_unit_tag\" value=\"wpcf7-f2132-o1\" \/>\n<input type=\"hidden\" name=\"_wpcf7_container_post\" value=\"0\" \/>\n<input type=\"hidden\" name=\"_wpcf7_posted_data_hash\" value=\"\" \/>\n<\/div>\n<p><label> N\u00e9v* <span class=\"wpcf7-form-control-wrap\" data-name=\"your-name\"><input size=\"40\" maxlength=\"400\" class=\"wpcf7-form-control wpcf7-text wpcf7-validates-as-required\" aria-required=\"true\" aria-invalid=\"false\" value=\"\" type=\"text\" name=\"your-name\" \/><\/span> <\/label>\n<\/p>\n<p><label> E-mail* <span class=\"wpcf7-form-control-wrap\" data-name=\"your-email\"><input size=\"40\" maxlength=\"400\" class=\"wpcf7-form-control wpcf7-email wpcf7-validates-as-required wpcf7-text wpcf7-validates-as-email\" aria-required=\"true\" aria-invalid=\"false\" value=\"\" type=\"email\" name=\"your-email\" \/><\/span> <\/label>\n<\/p>\n<p><label> Telefonsz\u00e1m* <span class=\"wpcf7-form-control-wrap\" data-name=\"your-phone\"><input size=\"40\" maxlength=\"400\" class=\"wpcf7-form-control wpcf7-tel wpcf7-validates-as-required wpcf7-text wpcf7-validates-as-tel contactTelefon\" aria-required=\"true\" aria-invalid=\"false\" value=\"\" type=\"tel\" name=\"your-phone\" \/><\/span> <\/label><br \/>\n<script>\njQuery(document).ready(function($) {\n\t$(\".contactTelefon\").attr(\"pattern\", \"^[0-9-+s()]*$\");\n});\n<\/script>\n<\/p>\n<p><label> C\u00edm* <span class=\"wpcf7-form-control-wrap\" data-name=\"your-address\"><input size=\"40\" maxlength=\"400\" class=\"wpcf7-form-control wpcf7-text wpcf7-validates-as-required\" aria-required=\"true\" aria-invalid=\"false\" value=\"\" type=\"text\" name=\"your-address\" \/><\/span> <\/label>\n<\/p>\n<p><label> T\u00e1rgy* <span class=\"wpcf7-form-control-wrap\" data-name=\"your-subject\"><input size=\"40\" maxlength=\"400\" class=\"wpcf7-form-control wpcf7-text wpcf7-validates-as-required\" aria-required=\"true\" aria-invalid=\"false\" value=\"\" type=\"text\" name=\"your-subject\" \/><\/span> <\/label>\n<\/p>\n<p><label> \u00dczenet* <span class=\"wpcf7-form-control-wrap\" data-name=\"your-message\"><textarea cols=\"40\" rows=\"10\" maxlength=\"2000\" class=\"wpcf7-form-control wpcf7-textarea wpcf7-validates-as-required\" aria-required=\"true\" aria-invalid=\"false\" name=\"your-message\"><\/textarea><\/span> <\/label>\n<\/p>\n<p><input class=\"wpcf7-form-control wpcf7-submit has-spinner\" type=\"submit\" value=\"K\u00fcld\u00e9s\" \/>\n<\/p><div class=\"wpcf7-response-output\" aria-hidden=\"true\"><\/div>\n<\/form>\n<\/div>\n<\/div>\n\t\t\t\t<\/div>\n\t\t\t\t<\/div>\n\t\t\t\t\t\t<\/div>\n\t\t\t<\/div>\n\t\t<\/div>\n\t\t\t\t<div class=\"elementor-element elementor-element-4a35332 elementor-column elementor-col-50 elementor-top-column\" data-id=\"4a35332\" data-element_type=\"column\">\n\t\t\t<div class=\"elementor-column-wrap  elementor-element-populated\">\n\t\t\t\t\t<div class=\"elementor-widget-wrap\">\n\t\t\t\t<div class=\"elementor-element elementor-element-4b7c1ea elementor-widget elementor-widget-frel-location-list\" data-id=\"4b7c1ea\" data-element_type=\"widget\" data-widget_type=\"frel-location-list.default\">\n\t\t\t\t<div class=\"elementor-widget-container\">\n\t\t\t<div class=\"cons_w_wrapper\"><div class=\"fn_cs_location_list\"><ul class=\"list \"><li><div class=\"item\"><div class=\"title_holder \"><span class=\"icon_wrapper\"><span class=\"icon\"><img decoding=\"async\" class=\"industify_w_fn_svg\" src=\"https:\/\/salastar.ro\/wp-content\/plugins\/industify-core\/shortcode\/assets\/svg\/location.svg\" alt=\"\" \/><\/span><span class=\"shape\"><\/span><\/span><h3>Iroda<\/h3><\/div><div class=\"content_holder\"><p><span> 537205 Mugeni nr. 119, jud Harghita<\/span><span>Telefon: <a href=\"tel:+40-266-245479\">+40-266-245479<\/a> | <a href=\"tel:+40-731-378429\">+40-731-378429<\/a><\/span><span>Mobil: <a href=\"tel:+40 731-378429\">+40 731-378429<\/a><\/span><span>Fax: <a href=\"tel:+40-266-245445\">+40-266-245445<\/a><\/span><span>Email: <a href=\"mailto:office@salastar.ro\">office@salastar.ro<\/a><\/span><\/p><\/div><\/div><\/li><li><div class=\"item\"><div class=\"title_holder \"><span class=\"icon_wrapper\"><span class=\"icon\"><img decoding=\"async\" class=\"industify_w_fn_svg\" src=\"https:\/\/salastar.ro\/wp-content\/plugins\/industify-core\/shortcode\/assets\/svg\/location.svg\" alt=\"\" \/><\/span><span class=\"shape\"><\/span><\/span><h3>Munkaid\u0151<\/h3><\/div><div class=\"content_holder\"><p><div id=\"businesshours-3\" class=\"widget_block clearfix widget_businesshours\">\n\t<div>          \t\n\t\t<div class=\"industify_fn_widget_business_hours\">\n\t\t\t<div class=\"fn_desc\">\n\t\t\t\t<p><\/p>\n\t\t\t<\/div>\n\t\t\t\n\t\t\t<div class=\"fn_days\">\n\t\t\t\t<ul>\n\t\t\t\t\t<li style=\"border-bottom: 1px dashed #999 !important;\">\n\t\t\t\t\t\t<div class=\"day_item\">\n\t\t\t\t\t\t\t<span class=\"day\" style=\"color: #999 !important;\">H\u00e9tf\u0151 - P\u00e9ntek:<\/span>\n\t\t\t\t\t\t\t<span class=\"hours\">08:00 - 16:00<\/span>\n\t\t\t\t\t\t<\/div>\n\t\t\t\t\t<\/li>\n\t\t\t\t\t<li style=\"border-bottom: 1px dashed #999 !important;\">\n\t\t\t\t\t\t<div class=\"day_item\">\n\t\t\t\t\t\t\t<span class=\"day\" style=\"color: #999 !important;\">Szombat:<\/span>\n\t\t\t\t\t\t\t<span class=\"hours\">Z\u00e1rva<\/span>\n\t\t\t\t\t\t<\/div>\n\t\t\t\t\t<\/li>\n\t\t\t\t\t<li style=\"border-bottom: 1px dashed #999 !important;\">\n\t\t\t\t\t\t<div class=\"day_item\">\n\t\t\t\t\t\t\t<span class=\"day\" style=\"color: #999 !important;\">Vas\u00e1rnap:<\/span>\n\t\t\t\t\t\t\t<span class=\"hours\">Z\u00e1rva<\/span>\n\t\t\t\t\t\t<\/div>\n\t\t\t\t\t<\/li>\n\t\t\t\t<\/ul>\n\t\t\t<\/div>\n\t\t<\/div>\n\t<\/div>\n<\/div><\/p><\/div><\/div><\/li><\/ul><\/div><\/div>\t\t<\/div>\n\t\t\t\t<\/div>\n\t\t\t\t\t\t<\/div>\n\t\t\t<\/div>\n\t\t<\/div>\n\t\t\t\t\t\t<\/div>\n\t\t\t<\/div>\n\t\t<\/section>\n\t\t\t\t\t\t<\/div>\n\t\t\t<\/div>\n\t\t<\/div>\n\t\t","protected":false},"excerpt":{"rendered":"<p>Kapcsolat Iroda 537205 Mugeni nr. 119, jud HarghitaTelefon: +40-266-245479 | +40-731-378429Mobil: +40 731-378429Fax: +40-266-245445Email: office@salastar.ro Munkaid\u0151 H\u00e9tf\u0151 &#8211; P\u00e9ntek: 08:00 &#8211; 16:00 Szombat: Z\u00e1rva Vas\u00e1rnap: Z\u00e1rva<\/p>\n","protected":false},"author":1,"featured_media":0,"parent":0,"menu_order":0,"comment_status":"closed","ping_status":"closed","template":"","meta":{"om_disable_all_campaigns":false,"_monsterinsights_skip_tracking":false,"_monsterinsights_sitenote_active":false,"_monsterinsights_sitenote_note":"","_monsterinsights_sitenote_category":0,"footnotes":""},"yoast_head":"<!-- This site is optimized with the Yoast SEO plugin v21.4 - https:\/\/yoast.com\/wordpress\/plugins\/seo\/ -->\n<title>Kapcsolat | Ambalaje flexibile: Pungi, Folii | Materiale din lemn masiv: Du\u0219umea, Lambriu, \u0218ipc\u0103<\/title>\n<meta name=\"robots\" content=\"index, follow, max-snippet:-1, max-image-preview:large, max-video-preview:-1\" \/>\n<link rel=\"canonical\" href=\"https:\/\/salastar.ro\/hu\/kapcsolat\/\" \/>\n<meta property=\"og:locale\" content=\"hu_HU\" \/>\n<meta property=\"og:type\" content=\"article\" \/>\n<meta property=\"og:title\" content=\"Kapcsolat | Ambalaje flexibile: Pungi, Folii | Materiale din lemn masiv: Du\u0219umea, Lambriu, \u0218ipc\u0103\" \/>\n<meta property=\"og:description\" content=\"Kapcsolat Iroda 537205 Mugeni nr. 119, jud HarghitaTelefon: +40-266-245479 | +40-731-378429Mobil: +40 731-378429Fax: +40-266-245445Email: office@salastar.ro Munkaid\u0151 H\u00e9tf\u0151 &#8211; P\u00e9ntek: 08:00 &#8211; 16:00 Szombat: Z\u00e1rva Vas\u00e1rnap: Z\u00e1rva\" \/>\n<meta property=\"og:url\" content=\"https:\/\/salastar.ro\/hu\/kapcsolat\/\" \/>\n<meta property=\"og:site_name\" content=\"Ambalaje flexibile: Pungi, Folii | Materiale din lemn masiv: Du\u0219umea, Lambriu, \u0218ipc\u0103\" \/>\n<meta property=\"article:modified_time\" content=\"2019-10-18T07:25:32+00:00\" \/>\n<meta property=\"og:image\" content=\"https:\/\/salastar.ro\/wp-content\/plugins\/industify-core\/shortcode\/assets\/svg\/location.svg\" \/>\n<meta name=\"twitter:card\" content=\"summary_large_image\" \/>\n<!-- \/ Yoast SEO plugin. -->","yoast_head_json":{"title":"Kapcsolat | Ambalaje flexibile: Pungi, Folii | Materiale din lemn masiv: Du\u0219umea, Lambriu, \u0218ipc\u0103","robots":{"index":"index","follow":"follow","max-snippet":"max-snippet:-1","max-image-preview":"max-image-preview:large","max-video-preview":"max-video-preview:-1"},"canonical":"https:\/\/salastar.ro\/hu\/kapcsolat\/","og_locale":"hu_HU","og_type":"article","og_title":"Kapcsolat | Ambalaje flexibile: Pungi, Folii | Materiale din lemn masiv: Du\u0219umea, Lambriu, \u0218ipc\u0103","og_description":"Kapcsolat Iroda 537205 Mugeni nr. 119, jud HarghitaTelefon: +40-266-245479 | +40-731-378429Mobil: +40 731-378429Fax: +40-266-245445Email: office@salastar.ro Munkaid\u0151 H\u00e9tf\u0151 &#8211; P\u00e9ntek: 08:00 &#8211; 16:00 Szombat: Z\u00e1rva Vas\u00e1rnap: Z\u00e1rva","og_url":"https:\/\/salastar.ro\/hu\/kapcsolat\/","og_site_name":"Ambalaje flexibile: Pungi, Folii | Materiale din lemn masiv: Du\u0219umea, Lambriu, \u0218ipc\u0103","article_modified_time":"2019-10-18T07:25:32+00:00","og_image":[{"url":"https:\/\/salastar.ro\/wp-content\/plugins\/industify-core\/shortcode\/assets\/svg\/location.svg"}],"twitter_card":"summary_large_image","schema":{"@context":"https:\/\/schema.org","@graph":[{"@type":"WebPage","@id":"https:\/\/salastar.ro\/hu\/kapcsolat\/","url":"https:\/\/salastar.ro\/hu\/kapcsolat\/","name":"Kapcsolat | Ambalaje flexibile: Pungi, Folii | Materiale din lemn masiv: Du\u0219umea, Lambriu, \u0218ipc\u0103","isPartOf":{"@id":"https:\/\/salastar.ro\/#website"},"datePublished":"2018-08-25T11:28:25+00:00","dateModified":"2019-10-18T07:25:32+00:00","breadcrumb":{"@id":"https:\/\/salastar.ro\/hu\/kapcsolat\/#breadcrumb"},"inLanguage":"hu","potentialAction":[{"@type":"ReadAction","target":["https:\/\/salastar.ro\/hu\/kapcsolat\/"]}]},{"@type":"BreadcrumbList","@id":"https:\/\/salastar.ro\/hu\/kapcsolat\/#breadcrumb","itemListElement":[{"@type":"ListItem","position":1,"name":"Home","item":"https:\/\/salastar.ro\/hu\/homepage-2\/"},{"@type":"ListItem","position":2,"name":"Kapcsolat"}]},{"@type":"WebSite","@id":"https:\/\/salastar.ro\/#website","url":"https:\/\/salastar.ro\/","name":"Ambalaje flexibile: Pungi, Folii | Materiale din lemn masiv: Du\u0219umea, Lambriu, \u0218ipc\u0103","description":"Salastar","publisher":{"@id":"https:\/\/salastar.ro\/#organization"},"potentialAction":[{"@type":"SearchAction","target":{"@type":"EntryPoint","urlTemplate":"https:\/\/salastar.ro\/?s={search_term_string}"},"query-input":"required name=search_term_string"}],"inLanguage":"hu"},{"@type":"Organization","@id":"https:\/\/salastar.ro\/#organization","name":"Salastar","url":"https:\/\/salastar.ro\/","logo":{"@type":"ImageObject","inLanguage":"hu","@id":"https:\/\/salastar.ro\/#\/schema\/logo\/image\/","url":"https:\/\/salastar.ro\/wp-content\/uploads\/2019\/07\/salastar-new-logo-dark.png","contentUrl":"https:\/\/salastar.ro\/wp-content\/uploads\/2019\/07\/salastar-new-logo-dark.png","width":398,"height":95,"caption":"Salastar"},"image":{"@id":"https:\/\/salastar.ro\/#\/schema\/logo\/image\/"}}]}},"_links":{"self":[{"href":"https:\/\/salastar.ro\/hu\/wp-json\/wp\/v2\/pages\/2178"}],"collection":[{"href":"https:\/\/salastar.ro\/hu\/wp-json\/wp\/v2\/pages"}],"about":[{"href":"https:\/\/salastar.ro\/hu\/wp-json\/wp\/v2\/types\/page"}],"author":[{"embeddable":true,"href":"https:\/\/salastar.ro\/hu\/wp-json\/wp\/v2\/users\/1"}],"replies":[{"embeddable":true,"href":"https:\/\/salastar.ro\/hu\/wp-json\/wp\/v2\/comments?post=2178"}],"version-history":[{"count":2,"href":"https:\/\/salastar.ro\/hu\/wp-json\/wp\/v2\/pages\/2178\/revisions"}],"predecessor-version":[{"id":2202,"href":"https:\/\/salastar.ro\/hu\/wp-json\/wp\/v2\/pages\/2178\/revisions\/2202"}],"wp:attachment":[{"href":"https:\/\/salastar.ro\/hu\/wp-json\/wp\/v2\/media?parent=2178"}],"curies":[{"name":"wp","href":"https:\/\/api.w.org\/{rel}","templated":true}]}}