{"id":2474,"date":"2023-09-29T08:16:30","date_gmt":"2023-09-29T08:16:30","guid":{"rendered":"https:\/\/salastar.ro\/?page_id=2474\/"},"modified":"2023-09-29T08:18:00","modified_gmt":"2023-09-29T08:18:00","slug":"karrier","status":"publish","type":"page","link":"https:\/\/salastar.ro\/hu\/karrier\/","title":{"rendered":"Karrier"},"content":{"rendered":"<p>\ud83d\udce3L\u00e9gy a csapatunk tagja!\u2757<\/p>\n<p>Munkat\u00e1rsat alkalmazunk m\u0171anyagipari ter\u00fcleten m\u0171k\u00f6d\u0151, dinamikusan fejl\u0151d\u0151 csapatunkba, B\u00f6g\u00f6zbe, a Salastar Kft termel\u00e9si r\u00e9szleg\u00e9re. Ambici\u00f3zus, fejl\u0151d\u00e9sre nyitott, becs\u00fcletes, f\u00e9rfiak jelentkez\u00e9s\u00e9t v\u00e1rjuk!\ud83d\udce2<\/p>\n<p>Kih\u00edv\u00e1sokat keresel?\ud83d\ude0e<\/p>\n<p>Szeretn\u00e9l fejl\u0151dni szem\u00e9lyes t\u00e9ren \u00e9s szakmailag\u2753<\/p>\n<p>P\u00f6rg\u0151s, etikus \u00e9s motiv\u00e1lt csapat tagja akarsz lenni? Vagy csak kipr\u00f3b\u00e1ln\u00e1d magad \u00faj dolgokban?<\/p>\n<p>Akkor ne is g\u00f6rgess tov\u00e1bb! Megtal\u00e1ltad, amit keresel!<\/p>\n<p>\u2705hossz\u00fat\u00e1v\u00fa, stabil munkahelyet,<br \/>\n\u2705fejl\u0151d\u00e9si lehet\u0151s\u00e9get,<br \/>\n\u2705vid\u00e1m munkat\u00e1rsakat,<br \/>\n\u2705pozit\u00edv hozz\u00e1\u00e1ll\u00e1st,<br \/>\n\u2705hat\u00e9kony \u00e9s termel\u0151 csapatot,<br \/>\n\u2705csal\u00e1dbar\u00e1t munkahelyet,<br \/>\n\u2705helysz\u00edni betan\u00edt\u00e1st,<br \/>\n\u2705kih\u00edv\u00e1sokat, motiv\u00e1ci\u00f3t \u00e9s meg\u00fcnnepelt sikereket<\/p>\n<p>Nek\u00fcnk fontos, hogy munkat\u00e1rsaink sikeresek \u00e9s k\u00e9pzettek legyenek, hogy stabilan \u00e1lljanak a j\u00f6v\u0151 kih\u00edv\u00e1sai el\u00e9.<\/p>\n<p>Munkav\u00e9gz\u00e9s helye: B\u00f6g\u00f6z<\/p>\n<p>Mi olyan szem\u00e9ly jelentkez\u00e9s\u00e9t v\u00e1rjuk, aki:<br \/>\n\ud83c\udf1f \u00e9rdekl\u0151dik a m\u0171szaki dolgok ir\u00e1nt<br \/>\n\ud83c\udf1f prec\u00edz, j\u00f3 k\u00e9z\u00fcgyess\u00e9g\u0171<br \/>\n\ud83c\udf1f rugalmas \u00e9s megb\u00edzhat\u00f3<br \/>\n\ud83c\udf1f j\u00f3 csapatj\u00e1t\u00e9kos<br \/>\n\ud83c\udf1f hajland\u00f3 fejl\u0151dni \u00e9s tanulni<br \/>\n\ud83c\udf1f k\u00e9pes hat\u00e9konyan \u00f6n\u00e1ll\u00f3an is dolgozni<br \/>\n\ud83c\udf1f szereti a kih\u00edv\u00e1sokat \u00e9s a kem\u00e9ny munk\u00e1t<\/p>\n<p>Megtal\u00e1ltuk egym\u00e1st?<\/p>\n<p>Akkor egy percet se v\u00e1rj tov\u00e1bb\u2757 K\u00fcldd el friss\u00edtett f\u00e9nyk\u00e9pes \u00f6n\u00e9letrajzodat az \ud83d\udc49<a href=\"mailto:office@salastar.ro\">office@salastar.ro<\/a>\ud83d\udc48 e-mail c\u00edmre.<\/p>\n","protected":false},"excerpt":{"rendered":"<p>\ud83d\udce3L\u00e9gy a csapatunk tagja!\u2757 Munkat\u00e1rsat alkalmazunk m\u0171anyagipari ter\u00fcleten m\u0171k\u00f6d\u0151, dinamikusan fejl\u0151d\u0151 csapatunkba, B\u00f6g\u00f6zbe, a Salastar Kft termel\u00e9si r\u00e9szleg\u00e9re. Ambici\u00f3zus, fejl\u0151d\u00e9sre nyitott, becs\u00fcletes, f\u00e9rfiak jelentkez\u00e9s\u00e9t v\u00e1rjuk!\ud83d\udce2 Kih\u00edv\u00e1sokat keresel?\ud83d\ude0e Szeretn\u00e9l fejl\u0151dni szem\u00e9lyes t\u00e9ren \u00e9s szakmailag\u2753 P\u00f6rg\u0151s, etikus \u00e9s motiv\u00e1lt csapat tagja akarsz lenni? Vagy csak kipr\u00f3b\u00e1ln\u00e1d magad \u00faj dolgokban? Akkor ne is g\u00f6rgess tov\u00e1bb! Megtal\u00e1ltad, amit keresel! [&hellip;]<\/p>\n","protected":false},"author":1,"featured_media":0,"parent":0,"menu_order":0,"comment_status":"closed","ping_status":"closed","template":"","meta":{"om_disable_all_campaigns":false,"_monsterinsights_skip_tracking":false,"_monsterinsights_sitenote_active":false,"_monsterinsights_sitenote_note":"","_monsterinsights_sitenote_category":0,"footnotes":""},"yoast_head":"<!-- This site is optimized with the Yoast SEO plugin v21.4 - https:\/\/yoast.com\/wordpress\/plugins\/seo\/ -->\n<title>Karrier | Ambalaje flexibile: Pungi, Folii | Materiale din lemn masiv: Du\u0219umea, Lambriu, \u0218ipc\u0103<\/title>\n<meta name=\"robots\" content=\"index, follow, max-snippet:-1, max-image-preview:large, max-video-preview:-1\" \/>\n<link rel=\"canonical\" href=\"https:\/\/salastar.ro\/hu\/karrier\/\" \/>\n<meta property=\"og:locale\" content=\"hu_HU\" \/>\n<meta property=\"og:type\" content=\"article\" \/>\n<meta property=\"og:title\" content=\"Karrier | Ambalaje flexibile: Pungi, Folii | Materiale din lemn masiv: Du\u0219umea, Lambriu, \u0218ipc\u0103\" \/>\n<meta property=\"og:description\" content=\"\ud83d\udce3L\u00e9gy a csapatunk tagja!\u2757 Munkat\u00e1rsat alkalmazunk m\u0171anyagipari ter\u00fcleten m\u0171k\u00f6d\u0151, dinamikusan fejl\u0151d\u0151 csapatunkba, B\u00f6g\u00f6zbe, a Salastar Kft termel\u00e9si r\u00e9szleg\u00e9re. Ambici\u00f3zus, fejl\u0151d\u00e9sre nyitott, becs\u00fcletes, f\u00e9rfiak jelentkez\u00e9s\u00e9t v\u00e1rjuk!\ud83d\udce2 Kih\u00edv\u00e1sokat keresel?\ud83d\ude0e Szeretn\u00e9l fejl\u0151dni szem\u00e9lyes t\u00e9ren \u00e9s szakmailag\u2753 P\u00f6rg\u0151s, etikus \u00e9s motiv\u00e1lt csapat tagja akarsz lenni? Vagy csak kipr\u00f3b\u00e1ln\u00e1d magad \u00faj dolgokban? Akkor ne is g\u00f6rgess tov\u00e1bb! Megtal\u00e1ltad, amit keresel! [&hellip;]\" \/>\n<meta property=\"og:url\" content=\"https:\/\/salastar.ro\/hu\/karrier\/\" \/>\n<meta property=\"og:site_name\" content=\"Ambalaje flexibile: Pungi, Folii | Materiale din lemn masiv: Du\u0219umea, Lambriu, \u0218ipc\u0103\" \/>\n<meta property=\"article:modified_time\" content=\"2023-09-29T08:18:00+00:00\" \/>\n<meta name=\"twitter:card\" content=\"summary_large_image\" \/>\n<meta name=\"twitter:label1\" content=\"Becs\u00fclt olvas\u00e1si id\u0151\" \/>\n\t<meta name=\"twitter:data1\" content=\"1 perc\" \/>\n<!-- \/ Yoast SEO plugin. -->","yoast_head_json":{"title":"Karrier | Ambalaje flexibile: Pungi, Folii | Materiale din lemn masiv: Du\u0219umea, Lambriu, \u0218ipc\u0103","robots":{"index":"index","follow":"follow","max-snippet":"max-snippet:-1","max-image-preview":"max-image-preview:large","max-video-preview":"max-video-preview:-1"},"canonical":"https:\/\/salastar.ro\/hu\/karrier\/","og_locale":"hu_HU","og_type":"article","og_title":"Karrier | Ambalaje flexibile: Pungi, Folii | Materiale din lemn masiv: Du\u0219umea, Lambriu, \u0218ipc\u0103","og_description":"\ud83d\udce3L\u00e9gy a csapatunk tagja!\u2757 Munkat\u00e1rsat alkalmazunk m\u0171anyagipari ter\u00fcleten m\u0171k\u00f6d\u0151, dinamikusan fejl\u0151d\u0151 csapatunkba, B\u00f6g\u00f6zbe, a Salastar Kft termel\u00e9si r\u00e9szleg\u00e9re. Ambici\u00f3zus, fejl\u0151d\u00e9sre nyitott, becs\u00fcletes, f\u00e9rfiak jelentkez\u00e9s\u00e9t v\u00e1rjuk!\ud83d\udce2 Kih\u00edv\u00e1sokat keresel?\ud83d\ude0e Szeretn\u00e9l fejl\u0151dni szem\u00e9lyes t\u00e9ren \u00e9s szakmailag\u2753 P\u00f6rg\u0151s, etikus \u00e9s motiv\u00e1lt csapat tagja akarsz lenni? Vagy csak kipr\u00f3b\u00e1ln\u00e1d magad \u00faj dolgokban? Akkor ne is g\u00f6rgess tov\u00e1bb! Megtal\u00e1ltad, amit keresel! [&hellip;]","og_url":"https:\/\/salastar.ro\/hu\/karrier\/","og_site_name":"Ambalaje flexibile: Pungi, Folii | Materiale din lemn masiv: Du\u0219umea, Lambriu, \u0218ipc\u0103","article_modified_time":"2023-09-29T08:18:00+00:00","twitter_card":"summary_large_image","twitter_misc":{"Becs\u00fclt olvas\u00e1si id\u0151":"1 perc"},"schema":{"@context":"https:\/\/schema.org","@graph":[{"@type":"WebPage","@id":"https:\/\/salastar.ro\/hu\/karrier\/","url":"https:\/\/salastar.ro\/hu\/karrier\/","name":"Karrier | Ambalaje flexibile: Pungi, Folii | Materiale din lemn masiv: Du\u0219umea, Lambriu, \u0218ipc\u0103","isPartOf":{"@id":"https:\/\/salastar.ro\/#website"},"datePublished":"2023-09-29T08:16:30+00:00","dateModified":"2023-09-29T08:18:00+00:00","breadcrumb":{"@id":"https:\/\/salastar.ro\/hu\/karrier\/#breadcrumb"},"inLanguage":"hu","potentialAction":[{"@type":"ReadAction","target":["https:\/\/salastar.ro\/hu\/karrier\/"]}]},{"@type":"BreadcrumbList","@id":"https:\/\/salastar.ro\/hu\/karrier\/#breadcrumb","itemListElement":[{"@type":"ListItem","position":1,"name":"Home","item":"https:\/\/salastar.ro\/hu\/homepage-2\/"},{"@type":"ListItem","position":2,"name":"Karrier"}]},{"@type":"WebSite","@id":"https:\/\/salastar.ro\/#website","url":"https:\/\/salastar.ro\/","name":"Ambalaje flexibile: Pungi, Folii | Materiale din lemn masiv: Du\u0219umea, Lambriu, \u0218ipc\u0103","description":"Salastar","publisher":{"@id":"https:\/\/salastar.ro\/#organization"},"potentialAction":[{"@type":"SearchAction","target":{"@type":"EntryPoint","urlTemplate":"https:\/\/salastar.ro\/?s={search_term_string}"},"query-input":"required name=search_term_string"}],"inLanguage":"hu"},{"@type":"Organization","@id":"https:\/\/salastar.ro\/#organization","name":"Salastar","url":"https:\/\/salastar.ro\/","logo":{"@type":"ImageObject","inLanguage":"hu","@id":"https:\/\/salastar.ro\/#\/schema\/logo\/image\/","url":"https:\/\/salastar.ro\/wp-content\/uploads\/2019\/07\/salastar-new-logo-dark.png","contentUrl":"https:\/\/salastar.ro\/wp-content\/uploads\/2019\/07\/salastar-new-logo-dark.png","width":398,"height":95,"caption":"Salastar"},"image":{"@id":"https:\/\/salastar.ro\/#\/schema\/logo\/image\/"}}]}},"_links":{"self":[{"href":"https:\/\/salastar.ro\/hu\/wp-json\/wp\/v2\/pages\/2474"}],"collection":[{"href":"https:\/\/salastar.ro\/hu\/wp-json\/wp\/v2\/pages"}],"about":[{"href":"https:\/\/salastar.ro\/hu\/wp-json\/wp\/v2\/types\/page"}],"author":[{"embeddable":true,"href":"https:\/\/salastar.ro\/hu\/wp-json\/wp\/v2\/users\/1"}],"replies":[{"embeddable":true,"href":"https:\/\/salastar.ro\/hu\/wp-json\/wp\/v2\/comments?post=2474"}],"version-history":[{"count":1,"href":"https:\/\/salastar.ro\/hu\/wp-json\/wp\/v2\/pages\/2474\/revisions"}],"predecessor-version":[{"id":2475,"href":"https:\/\/salastar.ro\/hu\/wp-json\/wp\/v2\/pages\/2474\/revisions\/2475"}],"wp:attachment":[{"href":"https:\/\/salastar.ro\/hu\/wp-json\/wp\/v2\/media?parent=2474"}],"curies":[{"name":"wp","href":"https:\/\/api.w.org\/{rel}","templated":true}]}}